{"id":92,"date":"2014-05-31T13:06:21","date_gmt":"2014-05-31T13:06:21","guid":{"rendered":"http:\/\/demo.themegrill.com\/accelerate\/?page_id=92"},"modified":"2014-05-31T13:06:21","modified_gmt":"2014-05-31T13:06:21","slug":"sea-diving","status":"publish","type":"page","link":"https:\/\/new.zaluzie-usti.cz\/?page_id=92","title":{"rendered":"Sea Diving"},"content":{"rendered":"<p class=\"paragraph ng-attr-widget\"><span class=\"ng-directive ng-binding\">Jelly beans bonbon powder cookie unerdwear.com halvah. Oat cake cupcake halvah. Sweet roll gummi bears ice cream candy oat cake candy unerdwear.com drag\u00e9e fruitcake. Sweet roll souffl\u00e9 bear claw cake bonbon candy canes candy.<\/span><\/p>\n<p class=\"paragraph ng-attr-widget\"><span class=\"ng-directive ng-binding\">Cotton candy oat cake muffin jujubes chocolate bear claw. Pudding gingerbread marzipan unerdwear.com tiramisu. Cotton candy gummi bears topping sweet roll dessert.<\/span><\/p>\n<p class=\"paragraph ng-attr-widget\"><span class=\"ng-directive ng-binding\">Danish marzipan jelly beans oat cake brownie sweet. Sweet gummies ice cream croissant biscuit drag\u00e9e pastry unerdwear.com gingerbread. Wafer gummi bears biscuit lollipop liquorice chocolate bar.<\/span><\/p>\n<p class=\"paragraph ng-attr-widget\"><span class=\"ng-directive ng-binding\">Biscuit halvah jujubes donut jujubes cake pie sesame snaps. Cookie liquorice candy candy canes donut jelly gummi bears. Bear claw croissant sweet pudding dessert donut pastry chocolate.<\/span><\/p>\n<p class=\"paragraph ng-attr-widget\"><span class=\"ng-directive ng-binding\">Muffin icing muffin jelly beans applicake apple pie. Gingerbread tootsie roll apple pie applicake chocolate cake jelly beans gingerbread gummies powder. Chocolate cake caramels chocolate chocolate cotton candy powder dessert.<\/span><\/p>\n","protected":false},"excerpt":{"rendered":"<p>Jelly beans bonbon powder cookie unerdwear.com halvah. Oat cake cupcake halvah. Sweet roll gummi bears ice cream candy oat cake candy unerdwear.com drag\u00e9e fruitcake. Sweet roll souffl\u00e9 bear claw cake bonbon candy canes candy. Cotton candy oat cake muffin jujubes<\/p>\n","protected":false},"author":1,"featured_media":93,"parent":0,"menu_order":0,"comment_status":"closed","ping_status":"closed","template":"","meta":{"footnotes":""},"class_list":["post-92","page","type-page","status-publish","has-post-thumbnail","hentry"],"yoast_head":"<!-- This site is optimized with the Yoast SEO plugin v19.6.1 - https:\/\/yoast.com\/wordpress\/plugins\/seo\/ -->\n<title>Sea Diving - \u017daluzie \u00dast\u00ed nad Labem - Pavel Jiskra<\/title>\n<meta name=\"robots\" content=\"index, follow, max-snippet:-1, max-image-preview:large, max-video-preview:-1\" \/>\n<link rel=\"canonical\" href=\"https:\/\/new.zaluzie-usti.cz\/?page_id=92\" \/>\n<meta property=\"og:locale\" content=\"cs_CZ\" \/>\n<meta property=\"og:type\" content=\"article\" \/>\n<meta property=\"og:title\" content=\"Sea Diving - \u017daluzie \u00dast\u00ed nad Labem - Pavel Jiskra\" \/>\n<meta property=\"og:description\" content=\"Jelly beans bonbon powder cookie unerdwear.com halvah. Oat cake cupcake halvah. Sweet roll gummi bears ice cream candy oat cake candy unerdwear.com drag\u00e9e fruitcake. Sweet roll souffl\u00e9 bear claw cake bonbon candy canes candy. Cotton candy oat cake muffin jujubes\" \/>\n<meta property=\"og:url\" content=\"https:\/\/new.zaluzie-usti.cz\/?page_id=92\" \/>\n<meta property=\"og:site_name\" content=\"\u017daluzie \u00dast\u00ed nad Labem - Pavel Jiskra\" \/>\n<meta property=\"og:image\" content=\"https:\/\/new.zaluzie-usti.cz\/wp-content\/uploads\/2014\/05\/sea-79606_640.jpg\" \/>\n\t<meta property=\"og:image:width\" content=\"640\" \/>\n\t<meta property=\"og:image:height\" content=\"372\" \/>\n\t<meta property=\"og:image:type\" content=\"image\/jpeg\" \/>\n<meta name=\"twitter:card\" content=\"summary_large_image\" \/>\n<meta name=\"twitter:label1\" content=\"Odhadovan\u00e1 doba \u010dten\u00ed\" \/>\n\t<meta name=\"twitter:data1\" content=\"1 minuta\" \/>\n<script type=\"application\/ld+json\" class=\"yoast-schema-graph\">{\"@context\":\"https:\/\/schema.org\",\"@graph\":[{\"@type\":\"WebPage\",\"@id\":\"https:\/\/new.zaluzie-usti.cz\/?page_id=92\",\"url\":\"https:\/\/new.zaluzie-usti.cz\/?page_id=92\",\"name\":\"Sea Diving - \u017daluzie \u00dast\u00ed nad Labem - Pavel Jiskra\",\"isPartOf\":{\"@id\":\"https:\/\/new.zaluzie-usti.cz\/#website\"},\"datePublished\":\"2014-05-31T13:06:21+00:00\",\"dateModified\":\"2014-05-31T13:06:21+00:00\",\"breadcrumb\":{\"@id\":\"https:\/\/new.zaluzie-usti.cz\/?page_id=92#breadcrumb\"},\"inLanguage\":\"cs\",\"potentialAction\":[{\"@type\":\"ReadAction\",\"target\":[\"https:\/\/new.zaluzie-usti.cz\/?page_id=92\"]}]},{\"@type\":\"BreadcrumbList\",\"@id\":\"https:\/\/new.zaluzie-usti.cz\/?page_id=92#breadcrumb\",\"itemListElement\":[{\"@type\":\"ListItem\",\"position\":1,\"name\":\"Dom\u016f\",\"item\":\"https:\/\/new.zaluzie-usti.cz\/\"},{\"@type\":\"ListItem\",\"position\":2,\"name\":\"Sea Diving\"}]},{\"@type\":\"WebSite\",\"@id\":\"https:\/\/new.zaluzie-usti.cz\/#website\",\"url\":\"https:\/\/new.zaluzie-usti.cz\/\",\"name\":\"\u017daluzie \u00dast\u00ed nad Labem - Pavel Jiskra\",\"description\":\"\u017daluzie, rolety, s\u00edt\u011b proti hmyzu\",\"potentialAction\":[{\"@type\":\"SearchAction\",\"target\":{\"@type\":\"EntryPoint\",\"urlTemplate\":\"https:\/\/new.zaluzie-usti.cz\/?s={search_term_string}\"},\"query-input\":\"required name=search_term_string\"}],\"inLanguage\":\"cs\"}]}<\/script>\n<!-- \/ Yoast SEO plugin. -->","yoast_head_json":{"title":"Sea Diving - \u017daluzie \u00dast\u00ed nad Labem - Pavel Jiskra","robots":{"index":"index","follow":"follow","max-snippet":"max-snippet:-1","max-image-preview":"max-image-preview:large","max-video-preview":"max-video-preview:-1"},"canonical":"https:\/\/new.zaluzie-usti.cz\/?page_id=92","og_locale":"cs_CZ","og_type":"article","og_title":"Sea Diving - \u017daluzie \u00dast\u00ed nad Labem - Pavel Jiskra","og_description":"Jelly beans bonbon powder cookie unerdwear.com halvah. Oat cake cupcake halvah. Sweet roll gummi bears ice cream candy oat cake candy unerdwear.com drag\u00e9e fruitcake. Sweet roll souffl\u00e9 bear claw cake bonbon candy canes candy. Cotton candy oat cake muffin jujubes","og_url":"https:\/\/new.zaluzie-usti.cz\/?page_id=92","og_site_name":"\u017daluzie \u00dast\u00ed nad Labem - Pavel Jiskra","og_image":[{"width":640,"height":372,"url":"https:\/\/new.zaluzie-usti.cz\/wp-content\/uploads\/2014\/05\/sea-79606_640.jpg","type":"image\/jpeg"}],"twitter_card":"summary_large_image","twitter_misc":{"Odhadovan\u00e1 doba \u010dten\u00ed":"1 minuta"},"schema":{"@context":"https:\/\/schema.org","@graph":[{"@type":"WebPage","@id":"https:\/\/new.zaluzie-usti.cz\/?page_id=92","url":"https:\/\/new.zaluzie-usti.cz\/?page_id=92","name":"Sea Diving - \u017daluzie \u00dast\u00ed nad Labem - Pavel Jiskra","isPartOf":{"@id":"https:\/\/new.zaluzie-usti.cz\/#website"},"datePublished":"2014-05-31T13:06:21+00:00","dateModified":"2014-05-31T13:06:21+00:00","breadcrumb":{"@id":"https:\/\/new.zaluzie-usti.cz\/?page_id=92#breadcrumb"},"inLanguage":"cs","potentialAction":[{"@type":"ReadAction","target":["https:\/\/new.zaluzie-usti.cz\/?page_id=92"]}]},{"@type":"BreadcrumbList","@id":"https:\/\/new.zaluzie-usti.cz\/?page_id=92#breadcrumb","itemListElement":[{"@type":"ListItem","position":1,"name":"Dom\u016f","item":"https:\/\/new.zaluzie-usti.cz\/"},{"@type":"ListItem","position":2,"name":"Sea Diving"}]},{"@type":"WebSite","@id":"https:\/\/new.zaluzie-usti.cz\/#website","url":"https:\/\/new.zaluzie-usti.cz\/","name":"\u017daluzie \u00dast\u00ed nad Labem - Pavel Jiskra","description":"\u017daluzie, rolety, s\u00edt\u011b proti hmyzu","potentialAction":[{"@type":"SearchAction","target":{"@type":"EntryPoint","urlTemplate":"https:\/\/new.zaluzie-usti.cz\/?s={search_term_string}"},"query-input":"required name=search_term_string"}],"inLanguage":"cs"}]}},"_links":{"self":[{"href":"https:\/\/new.zaluzie-usti.cz\/index.php?rest_route=\/wp\/v2\/pages\/92","targetHints":{"allow":["GET"]}}],"collection":[{"href":"https:\/\/new.zaluzie-usti.cz\/index.php?rest_route=\/wp\/v2\/pages"}],"about":[{"href":"https:\/\/new.zaluzie-usti.cz\/index.php?rest_route=\/wp\/v2\/types\/page"}],"author":[{"embeddable":true,"href":"https:\/\/new.zaluzie-usti.cz\/index.php?rest_route=\/wp\/v2\/users\/1"}],"replies":[{"embeddable":true,"href":"https:\/\/new.zaluzie-usti.cz\/index.php?rest_route=%2Fwp%2Fv2%2Fcomments&post=92"}],"version-history":[{"count":0,"href":"https:\/\/new.zaluzie-usti.cz\/index.php?rest_route=\/wp\/v2\/pages\/92\/revisions"}],"wp:featuredmedia":[{"embeddable":true,"href":"https:\/\/new.zaluzie-usti.cz\/index.php?rest_route=\/wp\/v2\/media\/93"}],"wp:attachment":[{"href":"https:\/\/new.zaluzie-usti.cz\/index.php?rest_route=%2Fwp%2Fv2%2Fmedia&parent=92"}],"curies":[{"name":"wp","href":"https:\/\/api.w.org\/{rel}","templated":true}]}}