{"id":83,"date":"2014-05-31T12:47:12","date_gmt":"2014-05-31T12:47:12","guid":{"rendered":"http:\/\/demo.themegrill.com\/accelerate\/?page_id=83"},"modified":"2014-05-31T12:47:12","modified_gmt":"2014-05-31T12:47:12","slug":"nice-shoes","status":"publish","type":"page","link":"https:\/\/new.zaluzie-usti.cz\/?page_id=83","title":{"rendered":"Nice Shoes"},"content":{"rendered":"<p class=\"paragraph ng-attr-widget\"><span class=\"ng-directive ng-binding\">Cupcake candy canes sugar plum cake applicake. Gingerbread applicake drag\u00e9e tootsie roll. Donut tart topping pie.<\/span><\/p>\n<p class=\"paragraph ng-attr-widget\"><span class=\"ng-directive ng-binding\">Bonbon sweet roll macaroon pie wafer ice cream. Cookie bear claw biscuit carrot cake cupcake gingerbread. Dessert tart pudding oat cake fruitcake icing jelly sesame snaps sweet roll. Donut cupcake candy jelly sweet brownie liquorice.<\/span><\/p>\n<p class=\"paragraph ng-attr-widget\"><span class=\"ng-directive ng-binding\">Cheesecake applicake macaroon brownie cotton candy biscuit. Muffin bear claw fruitcake candy powder bear claw bonbon powder caramels. Jujubes bear claw bonbon.<\/span><\/p>\n<p class=\"paragraph ng-attr-widget\"><span class=\"ng-directive ng-binding\">Cake jujubes candy canes jelly beans ice cream bear claw wafer sweet. Toffee sesame snaps caramels. Jelly beans drag\u00e9e lollipop sesame snaps. Lemon drops chocolate chocolate jujubes souffl\u00e9.<\/span><\/p>\n<p class=\"paragraph ng-attr-widget\"><span class=\"ng-directive ng-binding\">Jujubes cake bonbon cotton candy topping gummies pudding muffin. Unerdwear.com cheesecake drag\u00e9e cupcake unerdwear.com biscuit. Fruitcake pie pudding cookie sugar plum. Bear claw croissant fruitcake donut wafer pastry sugar plum cotton candy.<\/span><\/p>\n","protected":false},"excerpt":{"rendered":"<p>Cupcake candy canes sugar plum cake applicake. Gingerbread applicake drag\u00e9e tootsie roll. Donut tart topping pie. Bonbon sweet roll macaroon pie wafer ice cream. Cookie bear claw biscuit carrot cake cupcake gingerbread. Dessert tart pudding oat cake fruitcake icing jelly<\/p>\n","protected":false},"author":1,"featured_media":84,"parent":0,"menu_order":0,"comment_status":"closed","ping_status":"closed","template":"","meta":{"footnotes":""},"class_list":["post-83","page","type-page","status-publish","has-post-thumbnail","hentry"],"yoast_head":"<!-- This site is optimized with the Yoast SEO plugin v19.6.1 - https:\/\/yoast.com\/wordpress\/plugins\/seo\/ -->\n<title>Nice Shoes - \u017daluzie \u00dast\u00ed nad Labem - Pavel Jiskra<\/title>\n<meta name=\"robots\" content=\"index, follow, max-snippet:-1, max-image-preview:large, max-video-preview:-1\" \/>\n<link rel=\"canonical\" href=\"https:\/\/new.zaluzie-usti.cz\/?page_id=83\" \/>\n<meta property=\"og:locale\" content=\"cs_CZ\" \/>\n<meta property=\"og:type\" content=\"article\" \/>\n<meta property=\"og:title\" content=\"Nice Shoes - \u017daluzie \u00dast\u00ed nad Labem - Pavel Jiskra\" \/>\n<meta property=\"og:description\" content=\"Cupcake candy canes sugar plum cake applicake. Gingerbread applicake drag\u00e9e tootsie roll. Donut tart topping pie. Bonbon sweet roll macaroon pie wafer ice cream. Cookie bear claw biscuit carrot cake cupcake gingerbread. Dessert tart pudding oat cake fruitcake icing jelly\" \/>\n<meta property=\"og:url\" content=\"https:\/\/new.zaluzie-usti.cz\/?page_id=83\" \/>\n<meta property=\"og:site_name\" content=\"\u017daluzie \u00dast\u00ed nad Labem - Pavel Jiskra\" \/>\n<meta property=\"og:image\" content=\"https:\/\/new.zaluzie-usti.cz\/wp-content\/uploads\/2014\/05\/feet-349687_640.jpg\" \/>\n\t<meta property=\"og:image:width\" content=\"640\" \/>\n\t<meta property=\"og:image:height\" content=\"426\" \/>\n\t<meta property=\"og:image:type\" content=\"image\/jpeg\" \/>\n<meta name=\"twitter:card\" content=\"summary_large_image\" \/>\n<meta name=\"twitter:label1\" content=\"Odhadovan\u00e1 doba \u010dten\u00ed\" \/>\n\t<meta name=\"twitter:data1\" content=\"1 minuta\" \/>\n<script type=\"application\/ld+json\" class=\"yoast-schema-graph\">{\"@context\":\"https:\/\/schema.org\",\"@graph\":[{\"@type\":\"WebPage\",\"@id\":\"https:\/\/new.zaluzie-usti.cz\/?page_id=83\",\"url\":\"https:\/\/new.zaluzie-usti.cz\/?page_id=83\",\"name\":\"Nice Shoes - \u017daluzie \u00dast\u00ed nad Labem - Pavel Jiskra\",\"isPartOf\":{\"@id\":\"https:\/\/new.zaluzie-usti.cz\/#website\"},\"datePublished\":\"2014-05-31T12:47:12+00:00\",\"dateModified\":\"2014-05-31T12:47:12+00:00\",\"breadcrumb\":{\"@id\":\"https:\/\/new.zaluzie-usti.cz\/?page_id=83#breadcrumb\"},\"inLanguage\":\"cs\",\"potentialAction\":[{\"@type\":\"ReadAction\",\"target\":[\"https:\/\/new.zaluzie-usti.cz\/?page_id=83\"]}]},{\"@type\":\"BreadcrumbList\",\"@id\":\"https:\/\/new.zaluzie-usti.cz\/?page_id=83#breadcrumb\",\"itemListElement\":[{\"@type\":\"ListItem\",\"position\":1,\"name\":\"Dom\u016f\",\"item\":\"https:\/\/new.zaluzie-usti.cz\/\"},{\"@type\":\"ListItem\",\"position\":2,\"name\":\"Nice Shoes\"}]},{\"@type\":\"WebSite\",\"@id\":\"https:\/\/new.zaluzie-usti.cz\/#website\",\"url\":\"https:\/\/new.zaluzie-usti.cz\/\",\"name\":\"\u017daluzie \u00dast\u00ed nad Labem - Pavel Jiskra\",\"description\":\"\u017daluzie, rolety, s\u00edt\u011b proti hmyzu\",\"potentialAction\":[{\"@type\":\"SearchAction\",\"target\":{\"@type\":\"EntryPoint\",\"urlTemplate\":\"https:\/\/new.zaluzie-usti.cz\/?s={search_term_string}\"},\"query-input\":\"required name=search_term_string\"}],\"inLanguage\":\"cs\"}]}<\/script>\n<!-- \/ Yoast SEO plugin. -->","yoast_head_json":{"title":"Nice Shoes - \u017daluzie \u00dast\u00ed nad Labem - Pavel Jiskra","robots":{"index":"index","follow":"follow","max-snippet":"max-snippet:-1","max-image-preview":"max-image-preview:large","max-video-preview":"max-video-preview:-1"},"canonical":"https:\/\/new.zaluzie-usti.cz\/?page_id=83","og_locale":"cs_CZ","og_type":"article","og_title":"Nice Shoes - \u017daluzie \u00dast\u00ed nad Labem - Pavel Jiskra","og_description":"Cupcake candy canes sugar plum cake applicake. Gingerbread applicake drag\u00e9e tootsie roll. Donut tart topping pie. Bonbon sweet roll macaroon pie wafer ice cream. Cookie bear claw biscuit carrot cake cupcake gingerbread. Dessert tart pudding oat cake fruitcake icing jelly","og_url":"https:\/\/new.zaluzie-usti.cz\/?page_id=83","og_site_name":"\u017daluzie \u00dast\u00ed nad Labem - Pavel Jiskra","og_image":[{"width":640,"height":426,"url":"https:\/\/new.zaluzie-usti.cz\/wp-content\/uploads\/2014\/05\/feet-349687_640.jpg","type":"image\/jpeg"}],"twitter_card":"summary_large_image","twitter_misc":{"Odhadovan\u00e1 doba \u010dten\u00ed":"1 minuta"},"schema":{"@context":"https:\/\/schema.org","@graph":[{"@type":"WebPage","@id":"https:\/\/new.zaluzie-usti.cz\/?page_id=83","url":"https:\/\/new.zaluzie-usti.cz\/?page_id=83","name":"Nice Shoes - \u017daluzie \u00dast\u00ed nad Labem - Pavel Jiskra","isPartOf":{"@id":"https:\/\/new.zaluzie-usti.cz\/#website"},"datePublished":"2014-05-31T12:47:12+00:00","dateModified":"2014-05-31T12:47:12+00:00","breadcrumb":{"@id":"https:\/\/new.zaluzie-usti.cz\/?page_id=83#breadcrumb"},"inLanguage":"cs","potentialAction":[{"@type":"ReadAction","target":["https:\/\/new.zaluzie-usti.cz\/?page_id=83"]}]},{"@type":"BreadcrumbList","@id":"https:\/\/new.zaluzie-usti.cz\/?page_id=83#breadcrumb","itemListElement":[{"@type":"ListItem","position":1,"name":"Dom\u016f","item":"https:\/\/new.zaluzie-usti.cz\/"},{"@type":"ListItem","position":2,"name":"Nice Shoes"}]},{"@type":"WebSite","@id":"https:\/\/new.zaluzie-usti.cz\/#website","url":"https:\/\/new.zaluzie-usti.cz\/","name":"\u017daluzie \u00dast\u00ed nad Labem - Pavel Jiskra","description":"\u017daluzie, rolety, s\u00edt\u011b proti hmyzu","potentialAction":[{"@type":"SearchAction","target":{"@type":"EntryPoint","urlTemplate":"https:\/\/new.zaluzie-usti.cz\/?s={search_term_string}"},"query-input":"required name=search_term_string"}],"inLanguage":"cs"}]}},"_links":{"self":[{"href":"https:\/\/new.zaluzie-usti.cz\/index.php?rest_route=\/wp\/v2\/pages\/83","targetHints":{"allow":["GET"]}}],"collection":[{"href":"https:\/\/new.zaluzie-usti.cz\/index.php?rest_route=\/wp\/v2\/pages"}],"about":[{"href":"https:\/\/new.zaluzie-usti.cz\/index.php?rest_route=\/wp\/v2\/types\/page"}],"author":[{"embeddable":true,"href":"https:\/\/new.zaluzie-usti.cz\/index.php?rest_route=\/wp\/v2\/users\/1"}],"replies":[{"embeddable":true,"href":"https:\/\/new.zaluzie-usti.cz\/index.php?rest_route=%2Fwp%2Fv2%2Fcomments&post=83"}],"version-history":[{"count":0,"href":"https:\/\/new.zaluzie-usti.cz\/index.php?rest_route=\/wp\/v2\/pages\/83\/revisions"}],"wp:featuredmedia":[{"embeddable":true,"href":"https:\/\/new.zaluzie-usti.cz\/index.php?rest_route=\/wp\/v2\/media\/84"}],"wp:attachment":[{"href":"https:\/\/new.zaluzie-usti.cz\/index.php?rest_route=%2Fwp%2Fv2%2Fmedia&parent=83"}],"curies":[{"name":"wp","href":"https:\/\/api.w.org\/{rel}","templated":true}]}}