{"id":303,"date":"2014-05-31T12:54:16","date_gmt":"2014-05-31T12:54:16","guid":{"rendered":"http:\/\/demo.themegrill.com\/accelerate\/?page_id=86"},"modified":"2014-05-31T12:54:16","modified_gmt":"2014-05-31T12:54:16","slug":"sky-diving","status":"publish","type":"page","link":"https:\/\/new.zaluzie-usti.cz\/?page_id=303","title":{"rendered":"Sky Diving"},"content":{"rendered":"<p class=\"paragraph ng-attr-widget\"><span class=\"ng-directive ng-binding\">Bear claw wafer pastry gingerbread jelly beans sweet bonbon souffl\u00e9 oat cake. Halvah tootsie roll chocolate cake cheesecake. Tiramisu caramels donut cake biscuit bonbon marshmallow dessert. Danish cheesecake chocolate cake candy jujubes bear claw sesame snaps.<\/span><\/p>\n<p class=\"paragraph ng-attr-widget\"><span class=\"ng-directive ng-binding\">Sweet roll cookie gingerbread ice cream halvah gingerbread. Tiramisu marzipan toffee marzipan bonbon. Lollipop jujubes pie tart oat cake sesame snaps powder.<\/span><\/p>\n<p class=\"paragraph ng-attr-widget\"><span class=\"ng-directive ng-binding\">Gingerbread topping lollipop sweet roll. Oat cake jelly gummies pie cookie cake donut apple pie. Wafer sugar plum lemon drops liquorice caramels sweet. Jelly beans croissant applicake jelly-o danish gummi bears oat cake.<\/span><\/p>\n<p class=\"paragraph ng-attr-widget\"><span class=\"ng-directive ng-binding\">Topping chocolate liquorice caramels halvah chupa chups donut pie. Sugar plum pastry toffee lemon drops caramels jelly-o chupa chups muffin. Marzipan jelly-o cupcake cookie. Tart topping cookie.<\/span><\/p>\n<p class=\"paragraph ng-attr-widget\"><span class=\"ng-directive ng-binding\">Jelly-o fruitcake cotton candy. Carrot cake candy applicake. Applicake bonbon bear claw sugar plum jujubes. Wafer drag\u00e9e apple pie cookie cake tiramisu muffin tootsie roll.<\/span><\/p>\n","protected":false},"excerpt":{"rendered":"<p>Bear claw wafer pastry gingerbread jelly beans sweet bonbon souffl\u00e9 oat cake. Halvah tootsie roll chocolate cake cheesecake. Tiramisu caramels donut cake biscuit bonbon marshmallow dessert. Danish cheesecake chocolate cake candy jujubes bear claw sesame snaps. Sweet roll cookie gingerbread<\/p>\n","protected":false},"author":1,"featured_media":87,"parent":0,"menu_order":0,"comment_status":"closed","ping_status":"closed","template":"","meta":{"footnotes":""},"class_list":["post-303","page","type-page","status-publish","has-post-thumbnail","hentry"],"yoast_head":"<!-- This site is optimized with the Yoast SEO plugin v19.6.1 - https:\/\/yoast.com\/wordpress\/plugins\/seo\/ -->\n<title>Sky Diving - \u017daluzie \u00dast\u00ed nad Labem - Pavel Jiskra<\/title>\n<meta name=\"robots\" content=\"index, follow, max-snippet:-1, max-image-preview:large, max-video-preview:-1\" \/>\n<link rel=\"canonical\" href=\"https:\/\/new.zaluzie-usti.cz\/?page_id=303\" \/>\n<meta property=\"og:locale\" content=\"cs_CZ\" \/>\n<meta property=\"og:type\" content=\"article\" \/>\n<meta property=\"og:title\" content=\"Sky Diving - \u017daluzie \u00dast\u00ed nad Labem - Pavel Jiskra\" \/>\n<meta property=\"og:description\" content=\"Bear claw wafer pastry gingerbread jelly beans sweet bonbon souffl\u00e9 oat cake. Halvah tootsie roll chocolate cake cheesecake. Tiramisu caramels donut cake biscuit bonbon marshmallow dessert. Danish cheesecake chocolate cake candy jujubes bear claw sesame snaps. Sweet roll cookie gingerbread\" \/>\n<meta property=\"og:url\" content=\"https:\/\/new.zaluzie-usti.cz\/?page_id=303\" \/>\n<meta property=\"og:site_name\" content=\"\u017daluzie \u00dast\u00ed nad Labem - Pavel Jiskra\" \/>\n<meta property=\"og:image\" content=\"https:\/\/new.zaluzie-usti.cz\/wp-content\/uploads\/2014\/05\/free-fall-89349_640.jpg\" \/>\n\t<meta property=\"og:image:width\" content=\"640\" \/>\n\t<meta property=\"og:image:height\" content=\"393\" \/>\n\t<meta property=\"og:image:type\" content=\"image\/jpeg\" \/>\n<meta name=\"twitter:card\" content=\"summary_large_image\" \/>\n<meta name=\"twitter:label1\" content=\"Odhadovan\u00e1 doba \u010dten\u00ed\" \/>\n\t<meta name=\"twitter:data1\" content=\"1 minuta\" \/>\n<script type=\"application\/ld+json\" class=\"yoast-schema-graph\">{\"@context\":\"https:\/\/schema.org\",\"@graph\":[{\"@type\":\"WebPage\",\"@id\":\"https:\/\/new.zaluzie-usti.cz\/?page_id=303\",\"url\":\"https:\/\/new.zaluzie-usti.cz\/?page_id=303\",\"name\":\"Sky Diving - \u017daluzie \u00dast\u00ed nad Labem - Pavel Jiskra\",\"isPartOf\":{\"@id\":\"https:\/\/new.zaluzie-usti.cz\/#website\"},\"datePublished\":\"2014-05-31T12:54:16+00:00\",\"dateModified\":\"2014-05-31T12:54:16+00:00\",\"breadcrumb\":{\"@id\":\"https:\/\/new.zaluzie-usti.cz\/?page_id=303#breadcrumb\"},\"inLanguage\":\"cs\",\"potentialAction\":[{\"@type\":\"ReadAction\",\"target\":[\"https:\/\/new.zaluzie-usti.cz\/?page_id=303\"]}]},{\"@type\":\"BreadcrumbList\",\"@id\":\"https:\/\/new.zaluzie-usti.cz\/?page_id=303#breadcrumb\",\"itemListElement\":[{\"@type\":\"ListItem\",\"position\":1,\"name\":\"Dom\u016f\",\"item\":\"https:\/\/new.zaluzie-usti.cz\/\"},{\"@type\":\"ListItem\",\"position\":2,\"name\":\"Sky Diving\"}]},{\"@type\":\"WebSite\",\"@id\":\"https:\/\/new.zaluzie-usti.cz\/#website\",\"url\":\"https:\/\/new.zaluzie-usti.cz\/\",\"name\":\"\u017daluzie \u00dast\u00ed nad Labem - Pavel Jiskra\",\"description\":\"\u017daluzie, rolety, s\u00edt\u011b proti hmyzu\",\"potentialAction\":[{\"@type\":\"SearchAction\",\"target\":{\"@type\":\"EntryPoint\",\"urlTemplate\":\"https:\/\/new.zaluzie-usti.cz\/?s={search_term_string}\"},\"query-input\":\"required name=search_term_string\"}],\"inLanguage\":\"cs\"}]}<\/script>\n<!-- \/ Yoast SEO plugin. -->","yoast_head_json":{"title":"Sky Diving - \u017daluzie \u00dast\u00ed nad Labem - Pavel Jiskra","robots":{"index":"index","follow":"follow","max-snippet":"max-snippet:-1","max-image-preview":"max-image-preview:large","max-video-preview":"max-video-preview:-1"},"canonical":"https:\/\/new.zaluzie-usti.cz\/?page_id=303","og_locale":"cs_CZ","og_type":"article","og_title":"Sky Diving - \u017daluzie \u00dast\u00ed nad Labem - Pavel Jiskra","og_description":"Bear claw wafer pastry gingerbread jelly beans sweet bonbon souffl\u00e9 oat cake. Halvah tootsie roll chocolate cake cheesecake. Tiramisu caramels donut cake biscuit bonbon marshmallow dessert. Danish cheesecake chocolate cake candy jujubes bear claw sesame snaps. Sweet roll cookie gingerbread","og_url":"https:\/\/new.zaluzie-usti.cz\/?page_id=303","og_site_name":"\u017daluzie \u00dast\u00ed nad Labem - Pavel Jiskra","og_image":[{"width":640,"height":393,"url":"https:\/\/new.zaluzie-usti.cz\/wp-content\/uploads\/2014\/05\/free-fall-89349_640.jpg","type":"image\/jpeg"}],"twitter_card":"summary_large_image","twitter_misc":{"Odhadovan\u00e1 doba \u010dten\u00ed":"1 minuta"},"schema":{"@context":"https:\/\/schema.org","@graph":[{"@type":"WebPage","@id":"https:\/\/new.zaluzie-usti.cz\/?page_id=303","url":"https:\/\/new.zaluzie-usti.cz\/?page_id=303","name":"Sky Diving - \u017daluzie \u00dast\u00ed nad Labem - Pavel Jiskra","isPartOf":{"@id":"https:\/\/new.zaluzie-usti.cz\/#website"},"datePublished":"2014-05-31T12:54:16+00:00","dateModified":"2014-05-31T12:54:16+00:00","breadcrumb":{"@id":"https:\/\/new.zaluzie-usti.cz\/?page_id=303#breadcrumb"},"inLanguage":"cs","potentialAction":[{"@type":"ReadAction","target":["https:\/\/new.zaluzie-usti.cz\/?page_id=303"]}]},{"@type":"BreadcrumbList","@id":"https:\/\/new.zaluzie-usti.cz\/?page_id=303#breadcrumb","itemListElement":[{"@type":"ListItem","position":1,"name":"Dom\u016f","item":"https:\/\/new.zaluzie-usti.cz\/"},{"@type":"ListItem","position":2,"name":"Sky Diving"}]},{"@type":"WebSite","@id":"https:\/\/new.zaluzie-usti.cz\/#website","url":"https:\/\/new.zaluzie-usti.cz\/","name":"\u017daluzie \u00dast\u00ed nad Labem - Pavel Jiskra","description":"\u017daluzie, rolety, s\u00edt\u011b proti hmyzu","potentialAction":[{"@type":"SearchAction","target":{"@type":"EntryPoint","urlTemplate":"https:\/\/new.zaluzie-usti.cz\/?s={search_term_string}"},"query-input":"required name=search_term_string"}],"inLanguage":"cs"}]}},"_links":{"self":[{"href":"https:\/\/new.zaluzie-usti.cz\/index.php?rest_route=\/wp\/v2\/pages\/303","targetHints":{"allow":["GET"]}}],"collection":[{"href":"https:\/\/new.zaluzie-usti.cz\/index.php?rest_route=\/wp\/v2\/pages"}],"about":[{"href":"https:\/\/new.zaluzie-usti.cz\/index.php?rest_route=\/wp\/v2\/types\/page"}],"author":[{"embeddable":true,"href":"https:\/\/new.zaluzie-usti.cz\/index.php?rest_route=\/wp\/v2\/users\/1"}],"replies":[{"embeddable":true,"href":"https:\/\/new.zaluzie-usti.cz\/index.php?rest_route=%2Fwp%2Fv2%2Fcomments&post=303"}],"version-history":[{"count":0,"href":"https:\/\/new.zaluzie-usti.cz\/index.php?rest_route=\/wp\/v2\/pages\/303\/revisions"}],"wp:featuredmedia":[{"embeddable":true,"href":"https:\/\/new.zaluzie-usti.cz\/index.php?rest_route=\/wp\/v2\/media\/87"}],"wp:attachment":[{"href":"https:\/\/new.zaluzie-usti.cz\/index.php?rest_route=%2Fwp%2Fv2%2Fmedia&parent=303"}],"curies":[{"name":"wp","href":"https:\/\/api.w.org\/{rel}","templated":true}]}}