{"id":22,"date":"2014-04-26T17:09:37","date_gmt":"2014-04-26T17:09:37","guid":{"rendered":"http:\/\/demo.themegrill.com\/accelerate\/?page_id=22"},"modified":"2014-04-26T17:09:37","modified_gmt":"2014-04-26T17:09:37","slug":"nice-support","status":"publish","type":"page","link":"https:\/\/new.zaluzie-usti.cz\/?page_id=22","title":{"rendered":"Nice Support"},"content":{"rendered":"<p class=\"paragraph ng-attr-widget\"><span class=\"ng-directive ng-binding\">Jelly beans danish macaroon drag\u00e9e applicake cotton candy bear claw gingerbread. Topping gummies candy canes carrot cake drag\u00e9e bear claw pudding. Fruitcake jujubes croissant unerdwear.com drag\u00e9e sugar plum biscuit. Jelly beans jelly beans bear claw.<\/span><\/p>\n<p class=\"paragraph ng-attr-widget\"><span class=\"ng-directive ng-binding\">Sugar plum gummies cotton candy caramels marzipan danish jelly beans cake chocolate bar. Sweet roll apple pie gummies. Gummi bears gummi bears chupa chups cheesecake chocolate cake. Croissant gummi bears marzipan pie macaroon jujubes.<\/span><\/p>\n<p class=\"paragraph ng-attr-widget\"><span class=\"ng-directive ng-binding\">Tiramisu donut chocolate. Cupcake marshmallow halvah pudding topping cheesecake topping powder. Jujubes applicake gummi bears danish pudding.<\/span><\/p>\n<p class=\"paragraph ng-attr-widget\"><span class=\"ng-directive ng-binding\">Liquorice cupcake cheesecake carrot cake pastry applicake candy canes chocolate cake. Jelly-o danish biscuit carrot cake marzipan biscuit oat cake. Chocolate bar jelly beans lemon drops donut fruitcake.<\/span><\/p>\n<p class=\"paragraph ng-attr-widget\"><span class=\"ng-directive ng-binding\">Carrot cake cupcake sweet roll cupcake marzipan toffee. Cotton<span class=\"ng-directive ng-binding\"> candy gummies drag\u00e9e<\/span> apple pie tiramisu drag\u00e9e candy topping. Biscuit marzipan cheesecake souffl\u00e9 wafer icing pudding.<\/span><\/p>\n","protected":false},"excerpt":{"rendered":"<p>Tiramisu donut chocolate. Cupcake marshmallow halvah pudding topping cheesecake topping powder. Jujubes applicake gummi bears danish candy gummies drag\u00e9e pudding.<\/p>\n","protected":false},"author":1,"featured_media":294,"parent":0,"menu_order":0,"comment_status":"closed","ping_status":"closed","template":"","meta":{"footnotes":""},"class_list":["post-22","page","type-page","status-publish","has-post-thumbnail","hentry"],"yoast_head":"<!-- This site is optimized with the Yoast SEO plugin v19.6.1 - https:\/\/yoast.com\/wordpress\/plugins\/seo\/ -->\n<title>Nice Support - \u017daluzie \u00dast\u00ed nad Labem - Pavel Jiskra<\/title>\n<meta name=\"robots\" content=\"index, follow, max-snippet:-1, max-image-preview:large, max-video-preview:-1\" \/>\n<link rel=\"canonical\" href=\"https:\/\/new.zaluzie-usti.cz\/?page_id=22\" \/>\n<meta property=\"og:locale\" content=\"cs_CZ\" \/>\n<meta property=\"og:type\" content=\"article\" \/>\n<meta property=\"og:title\" content=\"Nice Support - \u017daluzie \u00dast\u00ed nad Labem - Pavel Jiskra\" \/>\n<meta property=\"og:description\" content=\"Tiramisu donut chocolate. Cupcake marshmallow halvah pudding topping cheesecake topping powder. Jujubes applicake gummi bears danish candy gummies drag\u00e9e pudding.\" \/>\n<meta property=\"og:url\" content=\"https:\/\/new.zaluzie-usti.cz\/?page_id=22\" \/>\n<meta property=\"og:site_name\" content=\"\u017daluzie \u00dast\u00ed nad Labem - Pavel Jiskra\" \/>\n<meta property=\"og:image\" content=\"https:\/\/new.zaluzie-usti.cz\/wp-content\/uploads\/2021\/05\/Support.jpg\" \/>\n\t<meta property=\"og:image:width\" content=\"640\" \/>\n\t<meta property=\"og:image:height\" content=\"426\" \/>\n\t<meta property=\"og:image:type\" content=\"image\/jpeg\" \/>\n<meta name=\"twitter:card\" content=\"summary_large_image\" \/>\n<meta name=\"twitter:label1\" content=\"Odhadovan\u00e1 doba \u010dten\u00ed\" \/>\n\t<meta name=\"twitter:data1\" content=\"1 minuta\" \/>\n<script type=\"application\/ld+json\" class=\"yoast-schema-graph\">{\"@context\":\"https:\/\/schema.org\",\"@graph\":[{\"@type\":\"WebPage\",\"@id\":\"https:\/\/new.zaluzie-usti.cz\/?page_id=22\",\"url\":\"https:\/\/new.zaluzie-usti.cz\/?page_id=22\",\"name\":\"Nice Support - \u017daluzie \u00dast\u00ed nad Labem - Pavel Jiskra\",\"isPartOf\":{\"@id\":\"https:\/\/new.zaluzie-usti.cz\/#website\"},\"datePublished\":\"2014-04-26T17:09:37+00:00\",\"dateModified\":\"2014-04-26T17:09:37+00:00\",\"breadcrumb\":{\"@id\":\"https:\/\/new.zaluzie-usti.cz\/?page_id=22#breadcrumb\"},\"inLanguage\":\"cs\",\"potentialAction\":[{\"@type\":\"ReadAction\",\"target\":[\"https:\/\/new.zaluzie-usti.cz\/?page_id=22\"]}]},{\"@type\":\"BreadcrumbList\",\"@id\":\"https:\/\/new.zaluzie-usti.cz\/?page_id=22#breadcrumb\",\"itemListElement\":[{\"@type\":\"ListItem\",\"position\":1,\"name\":\"Dom\u016f\",\"item\":\"https:\/\/new.zaluzie-usti.cz\/\"},{\"@type\":\"ListItem\",\"position\":2,\"name\":\"Nice Support\"}]},{\"@type\":\"WebSite\",\"@id\":\"https:\/\/new.zaluzie-usti.cz\/#website\",\"url\":\"https:\/\/new.zaluzie-usti.cz\/\",\"name\":\"\u017daluzie \u00dast\u00ed nad Labem - Pavel Jiskra\",\"description\":\"\u017daluzie, rolety, s\u00edt\u011b proti hmyzu\",\"potentialAction\":[{\"@type\":\"SearchAction\",\"target\":{\"@type\":\"EntryPoint\",\"urlTemplate\":\"https:\/\/new.zaluzie-usti.cz\/?s={search_term_string}\"},\"query-input\":\"required name=search_term_string\"}],\"inLanguage\":\"cs\"}]}<\/script>\n<!-- \/ Yoast SEO plugin. -->","yoast_head_json":{"title":"Nice Support - \u017daluzie \u00dast\u00ed nad Labem - Pavel Jiskra","robots":{"index":"index","follow":"follow","max-snippet":"max-snippet:-1","max-image-preview":"max-image-preview:large","max-video-preview":"max-video-preview:-1"},"canonical":"https:\/\/new.zaluzie-usti.cz\/?page_id=22","og_locale":"cs_CZ","og_type":"article","og_title":"Nice Support - \u017daluzie \u00dast\u00ed nad Labem - Pavel Jiskra","og_description":"Tiramisu donut chocolate. Cupcake marshmallow halvah pudding topping cheesecake topping powder. Jujubes applicake gummi bears danish candy gummies drag\u00e9e pudding.","og_url":"https:\/\/new.zaluzie-usti.cz\/?page_id=22","og_site_name":"\u017daluzie \u00dast\u00ed nad Labem - Pavel Jiskra","og_image":[{"width":640,"height":426,"url":"https:\/\/new.zaluzie-usti.cz\/wp-content\/uploads\/2021\/05\/Support.jpg","type":"image\/jpeg"}],"twitter_card":"summary_large_image","twitter_misc":{"Odhadovan\u00e1 doba \u010dten\u00ed":"1 minuta"},"schema":{"@context":"https:\/\/schema.org","@graph":[{"@type":"WebPage","@id":"https:\/\/new.zaluzie-usti.cz\/?page_id=22","url":"https:\/\/new.zaluzie-usti.cz\/?page_id=22","name":"Nice Support - \u017daluzie \u00dast\u00ed nad Labem - Pavel Jiskra","isPartOf":{"@id":"https:\/\/new.zaluzie-usti.cz\/#website"},"datePublished":"2014-04-26T17:09:37+00:00","dateModified":"2014-04-26T17:09:37+00:00","breadcrumb":{"@id":"https:\/\/new.zaluzie-usti.cz\/?page_id=22#breadcrumb"},"inLanguage":"cs","potentialAction":[{"@type":"ReadAction","target":["https:\/\/new.zaluzie-usti.cz\/?page_id=22"]}]},{"@type":"BreadcrumbList","@id":"https:\/\/new.zaluzie-usti.cz\/?page_id=22#breadcrumb","itemListElement":[{"@type":"ListItem","position":1,"name":"Dom\u016f","item":"https:\/\/new.zaluzie-usti.cz\/"},{"@type":"ListItem","position":2,"name":"Nice Support"}]},{"@type":"WebSite","@id":"https:\/\/new.zaluzie-usti.cz\/#website","url":"https:\/\/new.zaluzie-usti.cz\/","name":"\u017daluzie \u00dast\u00ed nad Labem - Pavel Jiskra","description":"\u017daluzie, rolety, s\u00edt\u011b proti hmyzu","potentialAction":[{"@type":"SearchAction","target":{"@type":"EntryPoint","urlTemplate":"https:\/\/new.zaluzie-usti.cz\/?s={search_term_string}"},"query-input":"required name=search_term_string"}],"inLanguage":"cs"}]}},"_links":{"self":[{"href":"https:\/\/new.zaluzie-usti.cz\/index.php?rest_route=\/wp\/v2\/pages\/22","targetHints":{"allow":["GET"]}}],"collection":[{"href":"https:\/\/new.zaluzie-usti.cz\/index.php?rest_route=\/wp\/v2\/pages"}],"about":[{"href":"https:\/\/new.zaluzie-usti.cz\/index.php?rest_route=\/wp\/v2\/types\/page"}],"author":[{"embeddable":true,"href":"https:\/\/new.zaluzie-usti.cz\/index.php?rest_route=\/wp\/v2\/users\/1"}],"replies":[{"embeddable":true,"href":"https:\/\/new.zaluzie-usti.cz\/index.php?rest_route=%2Fwp%2Fv2%2Fcomments&post=22"}],"version-history":[{"count":0,"href":"https:\/\/new.zaluzie-usti.cz\/index.php?rest_route=\/wp\/v2\/pages\/22\/revisions"}],"wp:featuredmedia":[{"embeddable":true,"href":"https:\/\/new.zaluzie-usti.cz\/index.php?rest_route=\/wp\/v2\/media\/294"}],"wp:attachment":[{"href":"https:\/\/new.zaluzie-usti.cz\/index.php?rest_route=%2Fwp%2Fv2%2Fmedia&parent=22"}],"curies":[{"name":"wp","href":"https:\/\/api.w.org\/{rel}","templated":true}]}}