{"id":18,"date":"2014-04-26T17:07:49","date_gmt":"2014-04-26T17:07:49","guid":{"rendered":"http:\/\/demo.themegrill.com\/accelerate\/?page_id=18"},"modified":"2014-04-26T17:07:49","modified_gmt":"2014-04-26T17:07:49","slug":"clean-code","status":"publish","type":"page","link":"https:\/\/new.zaluzie-usti.cz\/?page_id=18","title":{"rendered":"Clean Code"},"content":{"rendered":"<p>Cookie candy canes oat cake jelly lemon drops caramels marzipan pie. Candy halvah powder pie jelly toffee. Jelly beans gingerbread pie candy sesame snaps souffl\u00e9 biscuit pie bear claw. Chocolate bar bonbon cheesecake brownie toffee lemon drops pastry candy canes candy.<\/p>\n<p>Powder bear claw dessert jelly-o lollipop caramels cotton candy. Jelly-o wafer danish cake. Lollipop gingerbread bear claw unerdwear.com liquorice macaroon chocolate cake sweet.<\/p>\n<p>Toffee jelly candy canes. Bear claw chupa chups tiramisu. Chocolate bar jelly cookie brownie powder chocolate cake dessert marshmallow. Muffin halvah tootsie roll sesame snaps drag\u00e9e cupcake.<\/p>\n<p>Pudding sugar plum muffin jelly-o cake cupcake icing. Candy canes cupcake applicake pie chocolate bar applicake donut tiramisu pudding. Chocolate muffin chocolate. Jelly sesame snaps chocolate bar souffl\u00e9 jelly.<\/p>\n","protected":false},"excerpt":{"rendered":"<p>Dessert jelly cake low lemon drops jelly beans chocolate bar marshmallow lemon drops jelly beans sesame snaps. Jujubes pastry drag\u00e9e. Chocolate bar marshmallow lemon.<\/p>\n","protected":false},"author":1,"featured_media":289,"parent":0,"menu_order":0,"comment_status":"closed","ping_status":"closed","template":"","meta":{"footnotes":""},"class_list":["post-18","page","type-page","status-publish","has-post-thumbnail","hentry"],"yoast_head":"<!-- This site is optimized with the Yoast SEO plugin v19.6.1 - https:\/\/yoast.com\/wordpress\/plugins\/seo\/ -->\n<title>Clean Code - \u017daluzie \u00dast\u00ed nad Labem - Pavel Jiskra<\/title>\n<meta name=\"robots\" content=\"index, follow, max-snippet:-1, max-image-preview:large, max-video-preview:-1\" \/>\n<link rel=\"canonical\" href=\"https:\/\/new.zaluzie-usti.cz\/?page_id=18\" \/>\n<meta property=\"og:locale\" content=\"cs_CZ\" \/>\n<meta property=\"og:type\" content=\"article\" \/>\n<meta property=\"og:title\" content=\"Clean Code - \u017daluzie \u00dast\u00ed nad Labem - Pavel Jiskra\" \/>\n<meta property=\"og:description\" content=\"Dessert jelly cake low lemon drops jelly beans chocolate bar marshmallow lemon drops jelly beans sesame snaps. Jujubes pastry drag\u00e9e. Chocolate bar marshmallow lemon.\" \/>\n<meta property=\"og:url\" content=\"https:\/\/new.zaluzie-usti.cz\/?page_id=18\" \/>\n<meta property=\"og:site_name\" content=\"\u017daluzie \u00dast\u00ed nad Labem - Pavel Jiskra\" \/>\n<meta property=\"og:image\" content=\"https:\/\/new.zaluzie-usti.cz\/wp-content\/uploads\/2021\/05\/clean-code.jpg\" \/>\n\t<meta property=\"og:image:width\" content=\"640\" \/>\n\t<meta property=\"og:image:height\" content=\"426\" \/>\n\t<meta property=\"og:image:type\" content=\"image\/jpeg\" \/>\n<meta name=\"twitter:card\" content=\"summary_large_image\" \/>\n<meta name=\"twitter:label1\" content=\"Odhadovan\u00e1 doba \u010dten\u00ed\" \/>\n\t<meta name=\"twitter:data1\" content=\"1 minuta\" \/>\n<script type=\"application\/ld+json\" class=\"yoast-schema-graph\">{\"@context\":\"https:\/\/schema.org\",\"@graph\":[{\"@type\":\"WebPage\",\"@id\":\"https:\/\/new.zaluzie-usti.cz\/?page_id=18\",\"url\":\"https:\/\/new.zaluzie-usti.cz\/?page_id=18\",\"name\":\"Clean Code - \u017daluzie \u00dast\u00ed nad Labem - Pavel Jiskra\",\"isPartOf\":{\"@id\":\"https:\/\/new.zaluzie-usti.cz\/#website\"},\"datePublished\":\"2014-04-26T17:07:49+00:00\",\"dateModified\":\"2014-04-26T17:07:49+00:00\",\"breadcrumb\":{\"@id\":\"https:\/\/new.zaluzie-usti.cz\/?page_id=18#breadcrumb\"},\"inLanguage\":\"cs\",\"potentialAction\":[{\"@type\":\"ReadAction\",\"target\":[\"https:\/\/new.zaluzie-usti.cz\/?page_id=18\"]}]},{\"@type\":\"BreadcrumbList\",\"@id\":\"https:\/\/new.zaluzie-usti.cz\/?page_id=18#breadcrumb\",\"itemListElement\":[{\"@type\":\"ListItem\",\"position\":1,\"name\":\"Dom\u016f\",\"item\":\"https:\/\/new.zaluzie-usti.cz\/\"},{\"@type\":\"ListItem\",\"position\":2,\"name\":\"Clean Code\"}]},{\"@type\":\"WebSite\",\"@id\":\"https:\/\/new.zaluzie-usti.cz\/#website\",\"url\":\"https:\/\/new.zaluzie-usti.cz\/\",\"name\":\"\u017daluzie \u00dast\u00ed nad Labem - Pavel Jiskra\",\"description\":\"\u017daluzie, rolety, s\u00edt\u011b proti hmyzu\",\"potentialAction\":[{\"@type\":\"SearchAction\",\"target\":{\"@type\":\"EntryPoint\",\"urlTemplate\":\"https:\/\/new.zaluzie-usti.cz\/?s={search_term_string}\"},\"query-input\":\"required name=search_term_string\"}],\"inLanguage\":\"cs\"}]}<\/script>\n<!-- \/ Yoast SEO plugin. -->","yoast_head_json":{"title":"Clean Code - \u017daluzie \u00dast\u00ed nad Labem - Pavel Jiskra","robots":{"index":"index","follow":"follow","max-snippet":"max-snippet:-1","max-image-preview":"max-image-preview:large","max-video-preview":"max-video-preview:-1"},"canonical":"https:\/\/new.zaluzie-usti.cz\/?page_id=18","og_locale":"cs_CZ","og_type":"article","og_title":"Clean Code - \u017daluzie \u00dast\u00ed nad Labem - Pavel Jiskra","og_description":"Dessert jelly cake low lemon drops jelly beans chocolate bar marshmallow lemon drops jelly beans sesame snaps. Jujubes pastry drag\u00e9e. Chocolate bar marshmallow lemon.","og_url":"https:\/\/new.zaluzie-usti.cz\/?page_id=18","og_site_name":"\u017daluzie \u00dast\u00ed nad Labem - Pavel Jiskra","og_image":[{"width":640,"height":426,"url":"https:\/\/new.zaluzie-usti.cz\/wp-content\/uploads\/2021\/05\/clean-code.jpg","type":"image\/jpeg"}],"twitter_card":"summary_large_image","twitter_misc":{"Odhadovan\u00e1 doba \u010dten\u00ed":"1 minuta"},"schema":{"@context":"https:\/\/schema.org","@graph":[{"@type":"WebPage","@id":"https:\/\/new.zaluzie-usti.cz\/?page_id=18","url":"https:\/\/new.zaluzie-usti.cz\/?page_id=18","name":"Clean Code - \u017daluzie \u00dast\u00ed nad Labem - Pavel Jiskra","isPartOf":{"@id":"https:\/\/new.zaluzie-usti.cz\/#website"},"datePublished":"2014-04-26T17:07:49+00:00","dateModified":"2014-04-26T17:07:49+00:00","breadcrumb":{"@id":"https:\/\/new.zaluzie-usti.cz\/?page_id=18#breadcrumb"},"inLanguage":"cs","potentialAction":[{"@type":"ReadAction","target":["https:\/\/new.zaluzie-usti.cz\/?page_id=18"]}]},{"@type":"BreadcrumbList","@id":"https:\/\/new.zaluzie-usti.cz\/?page_id=18#breadcrumb","itemListElement":[{"@type":"ListItem","position":1,"name":"Dom\u016f","item":"https:\/\/new.zaluzie-usti.cz\/"},{"@type":"ListItem","position":2,"name":"Clean Code"}]},{"@type":"WebSite","@id":"https:\/\/new.zaluzie-usti.cz\/#website","url":"https:\/\/new.zaluzie-usti.cz\/","name":"\u017daluzie \u00dast\u00ed nad Labem - Pavel Jiskra","description":"\u017daluzie, rolety, s\u00edt\u011b proti hmyzu","potentialAction":[{"@type":"SearchAction","target":{"@type":"EntryPoint","urlTemplate":"https:\/\/new.zaluzie-usti.cz\/?s={search_term_string}"},"query-input":"required name=search_term_string"}],"inLanguage":"cs"}]}},"_links":{"self":[{"href":"https:\/\/new.zaluzie-usti.cz\/index.php?rest_route=\/wp\/v2\/pages\/18","targetHints":{"allow":["GET"]}}],"collection":[{"href":"https:\/\/new.zaluzie-usti.cz\/index.php?rest_route=\/wp\/v2\/pages"}],"about":[{"href":"https:\/\/new.zaluzie-usti.cz\/index.php?rest_route=\/wp\/v2\/types\/page"}],"author":[{"embeddable":true,"href":"https:\/\/new.zaluzie-usti.cz\/index.php?rest_route=\/wp\/v2\/users\/1"}],"replies":[{"embeddable":true,"href":"https:\/\/new.zaluzie-usti.cz\/index.php?rest_route=%2Fwp%2Fv2%2Fcomments&post=18"}],"version-history":[{"count":0,"href":"https:\/\/new.zaluzie-usti.cz\/index.php?rest_route=\/wp\/v2\/pages\/18\/revisions"}],"wp:featuredmedia":[{"embeddable":true,"href":"https:\/\/new.zaluzie-usti.cz\/index.php?rest_route=\/wp\/v2\/media\/289"}],"wp:attachment":[{"href":"https:\/\/new.zaluzie-usti.cz\/index.php?rest_route=%2Fwp%2Fv2%2Fmedia&parent=18"}],"curies":[{"name":"wp","href":"https:\/\/api.w.org\/{rel}","templated":true}]}}