{"id":154,"date":"2014-06-29T13:07:45","date_gmt":"2014-06-29T13:07:45","guid":{"rendered":"http:\/\/demo.themegrill.com\/accelerate\/?page_id=154"},"modified":"2014-06-29T13:07:45","modified_gmt":"2014-06-29T13:07:45","slug":"contact","status":"publish","type":"page","link":"https:\/\/new.zaluzie-usti.cz\/?page_id=154","title":{"rendered":"Contact"},"content":{"rendered":"<p>This contact form is created using <a href=\"https:\/\/wpeverest.com\/wordpress-plugins\/everest-forms\/\" target=\"_blank\" rel=\"noopener\">Everest Forms<\/a>. To download this contact form plugin click <a href=\"https:\/\/downloads.wordpress.org\/plugin\/everest-forms.zip\" rel=\"nofollow\">here<\/a>.<\/p>\n<p>This contact form is just for demo purpose. If you have any theme related support questions, please put your query in our support forum <a href=\"http:\/\/themegrill.com\/support-forum\/\" target=\"_blank\" rel=\"noopener noreferrer\">http:\/\/themegrill.com\/support-forum\/<\/a>.<br \/>\nAnd if you have any theme related sales questions or if you just want to say hello, please send your message via our contact page <a href=\"http:\/\/themegrill.com\/contact\/\" target=\"_blank\" rel=\"noopener noreferrer\">http:\/\/themegrill.com\/contact\/<\/a>.<\/p>\n<div class=\"everest-forms\"><div class=\"evf-container default\" id=\"evf-260\"><form id=\"evf-form-260\" class=\"everest-form\" data-formid=\"260\" data-ajax_submission=\"0\" data-keyboard_friendly_form=\"0\" method=\"post\" enctype=\"multipart\/form-data\" action=\"\/index.php?rest_route=%2Fwp%2Fv2%2Fpages%2F154\"><div class=\"evf-field-container\"><input type=\"hidden\" id=\"_wpnonce260\" name=\"_wpnonce260\" value=\"8821198c98\" \/><input type=\"hidden\" name=\"_wp_http_referer\" value=\"\/index.php?rest_route=%2Fwp%2Fv2%2Fpages%2F154\" \/><div class=\"evf-frontend-row\" data-row=\"row_1\" conditional_rules=\"[]\"><div class=\"evf-frontend-grid evf-grid-1\" data-grid=\"grid_1\"><div id=\"evf-260-field_name-container\" class=\"evf-field evf-field-text form-row validate-required\" data-required-field-message=\"\" data-field-id=\"name\"><label class=\"evf-field-label\" for=\"evf-260-field_name\"><span class=\"evf-label\">Name<\/span> <abbr class=\"required\" title=\"Required\">*<\/abbr><\/label><input type=\"text\" id=\"evf-260-field_name\" class=\"input-text\" name=\"everest_forms[form_fields][name]\" required><\/div><div id=\"evf-260-field_email-container\" class=\"evf-field evf-field-email form-row validate-required validate-email\" data-required-field-message=\"\" data-field-id=\"email\"><label class=\"evf-field-label\" for=\"evf-260-field_email\"><span class=\"evf-label\">Email<\/span> <abbr class=\"required\" title=\"Required\">*<\/abbr><\/label><input type=\"email\" id=\"evf-260-field_email\" class=\"input-text\" name=\"everest_forms[form_fields][email]\" required ><\/div><div id=\"evf-260-field_subject-container\" class=\"evf-field evf-field-text form-row validate-required\" data-required-field-message=\"\" data-field-id=\"subject\"><label class=\"evf-field-label\" for=\"evf-260-field_subject\"><span class=\"evf-label\">Subject<\/span> <abbr class=\"required\" title=\"Required\">*<\/abbr><\/label><input type=\"text\" id=\"evf-260-field_subject\" class=\"input-text\" name=\"everest_forms[form_fields][subject]\" required><\/div><div id=\"evf-260-field_message-container\" class=\"evf-field evf-field-textarea form-row\" data-field-id=\"message\"><label class=\"evf-field-label\" for=\"evf-260-field_message\"><span class=\"evf-label\">Message<\/span> <\/label><textarea id=\"evf-260-field_message\" class=\"input-text\" name=\"everest_forms[form_fields][message]\"  ><\/textarea><\/div><\/div><\/div><\/div><div class=\"evf-submit-container \" ><input type=\"hidden\" name=\"everest_forms[id]\" value=\"260\"><input type=\"hidden\" name=\"everest_forms[author]\" value=\"1\"><button type='submit' name='everest_forms[submit]' class='everest-forms-submit-button button evf-submit ' id='evf-submit-260' value='evf-submit' data-process-text=\"Processing&hellip;\" conditional_rules='&quot;&quot;' conditional_id='evf-submit-260'  id=\"evf-submit-260\" aria-live=\"assertive\">Submit<\/button><\/div><\/form><\/div><!-- .evf-container --><\/div>\n","protected":false},"excerpt":{"rendered":"<p>This contact form is created using Everest Forms. To download this contact form plugin click here. This contact form is just for demo purpose. If you have any theme related support questions, please put your query in our support forum<\/p>\n","protected":false},"author":1,"featured_media":0,"parent":0,"menu_order":0,"comment_status":"closed","ping_status":"closed","template":"page-templates\/contact.php","meta":{"footnotes":""},"class_list":["post-154","page","type-page","status-publish","hentry"],"yoast_head":"<!-- This site is optimized with the Yoast SEO plugin v19.6.1 - https:\/\/yoast.com\/wordpress\/plugins\/seo\/ -->\n<title>Contact - \u017daluzie \u00dast\u00ed nad Labem - Pavel Jiskra<\/title>\n<meta name=\"robots\" content=\"index, follow, max-snippet:-1, max-image-preview:large, max-video-preview:-1\" \/>\n<link rel=\"canonical\" href=\"https:\/\/new.zaluzie-usti.cz\/?page_id=154\" \/>\n<meta property=\"og:locale\" content=\"cs_CZ\" \/>\n<meta property=\"og:type\" content=\"article\" \/>\n<meta property=\"og:title\" content=\"Contact - \u017daluzie \u00dast\u00ed nad Labem - Pavel Jiskra\" \/>\n<meta property=\"og:description\" content=\"This contact form is created using Everest Forms. To download this contact form plugin click here. This contact form is just for demo purpose. If you have any theme related support questions, please put your query in our support forum\" \/>\n<meta property=\"og:url\" content=\"https:\/\/new.zaluzie-usti.cz\/?page_id=154\" \/>\n<meta property=\"og:site_name\" content=\"\u017daluzie \u00dast\u00ed nad Labem - Pavel Jiskra\" \/>\n<meta name=\"twitter:card\" content=\"summary_large_image\" \/>\n<script type=\"application\/ld+json\" class=\"yoast-schema-graph\">{\"@context\":\"https:\/\/schema.org\",\"@graph\":[{\"@type\":\"WebPage\",\"@id\":\"https:\/\/new.zaluzie-usti.cz\/?page_id=154\",\"url\":\"https:\/\/new.zaluzie-usti.cz\/?page_id=154\",\"name\":\"Contact - \u017daluzie \u00dast\u00ed nad Labem - Pavel Jiskra\",\"isPartOf\":{\"@id\":\"https:\/\/new.zaluzie-usti.cz\/#website\"},\"datePublished\":\"2014-06-29T13:07:45+00:00\",\"dateModified\":\"2014-06-29T13:07:45+00:00\",\"breadcrumb\":{\"@id\":\"https:\/\/new.zaluzie-usti.cz\/?page_id=154#breadcrumb\"},\"inLanguage\":\"cs\",\"potentialAction\":[{\"@type\":\"ReadAction\",\"target\":[\"https:\/\/new.zaluzie-usti.cz\/?page_id=154\"]}]},{\"@type\":\"BreadcrumbList\",\"@id\":\"https:\/\/new.zaluzie-usti.cz\/?page_id=154#breadcrumb\",\"itemListElement\":[{\"@type\":\"ListItem\",\"position\":1,\"name\":\"Dom\u016f\",\"item\":\"https:\/\/new.zaluzie-usti.cz\/\"},{\"@type\":\"ListItem\",\"position\":2,\"name\":\"Contact\"}]},{\"@type\":\"WebSite\",\"@id\":\"https:\/\/new.zaluzie-usti.cz\/#website\",\"url\":\"https:\/\/new.zaluzie-usti.cz\/\",\"name\":\"\u017daluzie \u00dast\u00ed nad Labem - Pavel Jiskra\",\"description\":\"\u017daluzie, rolety, s\u00edt\u011b proti hmyzu\",\"potentialAction\":[{\"@type\":\"SearchAction\",\"target\":{\"@type\":\"EntryPoint\",\"urlTemplate\":\"https:\/\/new.zaluzie-usti.cz\/?s={search_term_string}\"},\"query-input\":\"required name=search_term_string\"}],\"inLanguage\":\"cs\"}]}<\/script>\n<!-- \/ Yoast SEO plugin. -->","yoast_head_json":{"title":"Contact - \u017daluzie \u00dast\u00ed nad Labem - Pavel Jiskra","robots":{"index":"index","follow":"follow","max-snippet":"max-snippet:-1","max-image-preview":"max-image-preview:large","max-video-preview":"max-video-preview:-1"},"canonical":"https:\/\/new.zaluzie-usti.cz\/?page_id=154","og_locale":"cs_CZ","og_type":"article","og_title":"Contact - \u017daluzie \u00dast\u00ed nad Labem - Pavel Jiskra","og_description":"This contact form is created using Everest Forms. To download this contact form plugin click here. This contact form is just for demo purpose. If you have any theme related support questions, please put your query in our support forum","og_url":"https:\/\/new.zaluzie-usti.cz\/?page_id=154","og_site_name":"\u017daluzie \u00dast\u00ed nad Labem - Pavel Jiskra","twitter_card":"summary_large_image","schema":{"@context":"https:\/\/schema.org","@graph":[{"@type":"WebPage","@id":"https:\/\/new.zaluzie-usti.cz\/?page_id=154","url":"https:\/\/new.zaluzie-usti.cz\/?page_id=154","name":"Contact - \u017daluzie \u00dast\u00ed nad Labem - Pavel Jiskra","isPartOf":{"@id":"https:\/\/new.zaluzie-usti.cz\/#website"},"datePublished":"2014-06-29T13:07:45+00:00","dateModified":"2014-06-29T13:07:45+00:00","breadcrumb":{"@id":"https:\/\/new.zaluzie-usti.cz\/?page_id=154#breadcrumb"},"inLanguage":"cs","potentialAction":[{"@type":"ReadAction","target":["https:\/\/new.zaluzie-usti.cz\/?page_id=154"]}]},{"@type":"BreadcrumbList","@id":"https:\/\/new.zaluzie-usti.cz\/?page_id=154#breadcrumb","itemListElement":[{"@type":"ListItem","position":1,"name":"Dom\u016f","item":"https:\/\/new.zaluzie-usti.cz\/"},{"@type":"ListItem","position":2,"name":"Contact"}]},{"@type":"WebSite","@id":"https:\/\/new.zaluzie-usti.cz\/#website","url":"https:\/\/new.zaluzie-usti.cz\/","name":"\u017daluzie \u00dast\u00ed nad Labem - Pavel Jiskra","description":"\u017daluzie, rolety, s\u00edt\u011b proti hmyzu","potentialAction":[{"@type":"SearchAction","target":{"@type":"EntryPoint","urlTemplate":"https:\/\/new.zaluzie-usti.cz\/?s={search_term_string}"},"query-input":"required name=search_term_string"}],"inLanguage":"cs"}]}},"_links":{"self":[{"href":"https:\/\/new.zaluzie-usti.cz\/index.php?rest_route=\/wp\/v2\/pages\/154","targetHints":{"allow":["GET"]}}],"collection":[{"href":"https:\/\/new.zaluzie-usti.cz\/index.php?rest_route=\/wp\/v2\/pages"}],"about":[{"href":"https:\/\/new.zaluzie-usti.cz\/index.php?rest_route=\/wp\/v2\/types\/page"}],"author":[{"embeddable":true,"href":"https:\/\/new.zaluzie-usti.cz\/index.php?rest_route=\/wp\/v2\/users\/1"}],"replies":[{"embeddable":true,"href":"https:\/\/new.zaluzie-usti.cz\/index.php?rest_route=%2Fwp%2Fv2%2Fcomments&post=154"}],"version-history":[{"count":0,"href":"https:\/\/new.zaluzie-usti.cz\/index.php?rest_route=\/wp\/v2\/pages\/154\/revisions"}],"wp:attachment":[{"href":"https:\/\/new.zaluzie-usti.cz\/index.php?rest_route=%2Fwp%2Fv2%2Fmedia&parent=154"}],"curies":[{"name":"wp","href":"https:\/\/api.w.org\/{rel}","templated":true}]}}