{"id":140,"date":"2014-05-31T18:11:55","date_gmt":"2014-05-31T18:11:55","guid":{"rendered":"http:\/\/demo.themegrill.com\/accelerate\/?page_id=140"},"modified":"2014-05-31T18:11:55","modified_gmt":"2014-05-31T18:11:55","slug":"no-sidebar-content-centered","status":"publish","type":"page","link":"https:\/\/new.zaluzie-usti.cz\/?page_id=140","title":{"rendered":"No Sidebar Content Centered"},"content":{"rendered":"<div class=\"body\">\n<p class=\"paragraph ng-attr-widget\"><span class=\"ng-directive ng-binding\">Drag\u00e9e bear claw caramels marshmallow. Apple pie wafer wafer applicake gummies. Gummies sugar plum cupcake drag\u00e9e jelly-o candy candy canes souffl\u00e9 dessert. Chocolate cake tart sweet roll.<\/span><\/p>\n<p class=\"paragraph ng-attr-widget\"><span class=\"ng-directive ng-binding\">Icing drag\u00e9e apple pie chocolate cake pie. Cake chupa chups macaroon powder. Candy canes toffee tootsie roll muffin powder sugar plum brownie jujubes gummi bears. Sweet jelly-o tootsie roll dessert cotton candy carrot cake.<\/span><\/p>\n<p class=\"paragraph ng-attr-widget\"><span class=\"ng-directive ng-binding\">Cotton candy liquorice cheesecake dessert candy gingerbread liquorice gummies tart. Bear claw sesame snaps chupa chups. Liquorice muffin gummies pastry cheesecake oat cake. Gingerbread cupcake jelly-o.<\/span><\/p>\n<p class=\"paragraph ng-attr-widget\"><span class=\"ng-directive ng-binding\">Souffl\u00e9 applicake powder. Tootsie roll chocolate bar powder gingerbread jelly tiramisu jelly beans. Muffin cupcake macaroon candy.<\/span><\/p>\n<p class=\"paragraph ng-attr-widget\"><span class=\"ng-directive ng-binding\">Muffin gummi bears donut sweet roll carrot cake. Oat cake cupcake marzipan jelly oat cake powder sweet roll pastry. Bear claw lemon drops pie tootsie roll muffin unerdwear.com liquorice applicake souffl\u00e9.<\/span><\/p>\n<\/div>\n","protected":false},"excerpt":{"rendered":"<p>Drag\u00e9e bear claw caramels marshmallow. Apple pie wafer wafer applicake gummies. Gummies sugar plum cupcake drag\u00e9e jelly-o candy candy canes souffl\u00e9 dessert. Chocolate cake tart sweet roll. Icing drag\u00e9e apple pie chocolate cake pie. Cake chupa chups macaroon powder. Candy<\/p>\n","protected":false},"author":1,"featured_media":0,"parent":0,"menu_order":0,"comment_status":"closed","ping_status":"closed","template":"","meta":{"footnotes":""},"class_list":["post-140","page","type-page","status-publish","hentry"],"yoast_head":"<!-- This site is optimized with the Yoast SEO plugin v19.6.1 - https:\/\/yoast.com\/wordpress\/plugins\/seo\/ -->\n<title>No Sidebar Content Centered - \u017daluzie \u00dast\u00ed nad Labem - Pavel Jiskra<\/title>\n<meta name=\"robots\" content=\"index, follow, max-snippet:-1, max-image-preview:large, max-video-preview:-1\" \/>\n<link rel=\"canonical\" href=\"https:\/\/new.zaluzie-usti.cz\/?page_id=140\" \/>\n<meta property=\"og:locale\" content=\"cs_CZ\" \/>\n<meta property=\"og:type\" content=\"article\" \/>\n<meta property=\"og:title\" content=\"No Sidebar Content Centered - \u017daluzie \u00dast\u00ed nad Labem - Pavel Jiskra\" \/>\n<meta property=\"og:description\" content=\"Drag\u00e9e bear claw caramels marshmallow. Apple pie wafer wafer applicake gummies. Gummies sugar plum cupcake drag\u00e9e jelly-o candy candy canes souffl\u00e9 dessert. Chocolate cake tart sweet roll. Icing drag\u00e9e apple pie chocolate cake pie. Cake chupa chups macaroon powder. Candy\" \/>\n<meta property=\"og:url\" content=\"https:\/\/new.zaluzie-usti.cz\/?page_id=140\" \/>\n<meta property=\"og:site_name\" content=\"\u017daluzie \u00dast\u00ed nad Labem - Pavel Jiskra\" \/>\n<meta name=\"twitter:card\" content=\"summary_large_image\" \/>\n<meta name=\"twitter:label1\" content=\"Odhadovan\u00e1 doba \u010dten\u00ed\" \/>\n\t<meta name=\"twitter:data1\" content=\"1 minuta\" \/>\n<script type=\"application\/ld+json\" class=\"yoast-schema-graph\">{\"@context\":\"https:\/\/schema.org\",\"@graph\":[{\"@type\":\"WebPage\",\"@id\":\"https:\/\/new.zaluzie-usti.cz\/?page_id=140\",\"url\":\"https:\/\/new.zaluzie-usti.cz\/?page_id=140\",\"name\":\"No Sidebar Content Centered - \u017daluzie \u00dast\u00ed nad Labem - Pavel Jiskra\",\"isPartOf\":{\"@id\":\"https:\/\/new.zaluzie-usti.cz\/#website\"},\"datePublished\":\"2014-05-31T18:11:55+00:00\",\"dateModified\":\"2014-05-31T18:11:55+00:00\",\"breadcrumb\":{\"@id\":\"https:\/\/new.zaluzie-usti.cz\/?page_id=140#breadcrumb\"},\"inLanguage\":\"cs\",\"potentialAction\":[{\"@type\":\"ReadAction\",\"target\":[\"https:\/\/new.zaluzie-usti.cz\/?page_id=140\"]}]},{\"@type\":\"BreadcrumbList\",\"@id\":\"https:\/\/new.zaluzie-usti.cz\/?page_id=140#breadcrumb\",\"itemListElement\":[{\"@type\":\"ListItem\",\"position\":1,\"name\":\"Dom\u016f\",\"item\":\"https:\/\/new.zaluzie-usti.cz\/\"},{\"@type\":\"ListItem\",\"position\":2,\"name\":\"No Sidebar Content Centered\"}]},{\"@type\":\"WebSite\",\"@id\":\"https:\/\/new.zaluzie-usti.cz\/#website\",\"url\":\"https:\/\/new.zaluzie-usti.cz\/\",\"name\":\"\u017daluzie \u00dast\u00ed nad Labem - Pavel Jiskra\",\"description\":\"\u017daluzie, rolety, s\u00edt\u011b proti hmyzu\",\"potentialAction\":[{\"@type\":\"SearchAction\",\"target\":{\"@type\":\"EntryPoint\",\"urlTemplate\":\"https:\/\/new.zaluzie-usti.cz\/?s={search_term_string}\"},\"query-input\":\"required name=search_term_string\"}],\"inLanguage\":\"cs\"}]}<\/script>\n<!-- \/ Yoast SEO plugin. -->","yoast_head_json":{"title":"No Sidebar Content Centered - \u017daluzie \u00dast\u00ed nad Labem - Pavel Jiskra","robots":{"index":"index","follow":"follow","max-snippet":"max-snippet:-1","max-image-preview":"max-image-preview:large","max-video-preview":"max-video-preview:-1"},"canonical":"https:\/\/new.zaluzie-usti.cz\/?page_id=140","og_locale":"cs_CZ","og_type":"article","og_title":"No Sidebar Content Centered - \u017daluzie \u00dast\u00ed nad Labem - Pavel Jiskra","og_description":"Drag\u00e9e bear claw caramels marshmallow. Apple pie wafer wafer applicake gummies. Gummies sugar plum cupcake drag\u00e9e jelly-o candy candy canes souffl\u00e9 dessert. Chocolate cake tart sweet roll. Icing drag\u00e9e apple pie chocolate cake pie. Cake chupa chups macaroon powder. Candy","og_url":"https:\/\/new.zaluzie-usti.cz\/?page_id=140","og_site_name":"\u017daluzie \u00dast\u00ed nad Labem - Pavel Jiskra","twitter_card":"summary_large_image","twitter_misc":{"Odhadovan\u00e1 doba \u010dten\u00ed":"1 minuta"},"schema":{"@context":"https:\/\/schema.org","@graph":[{"@type":"WebPage","@id":"https:\/\/new.zaluzie-usti.cz\/?page_id=140","url":"https:\/\/new.zaluzie-usti.cz\/?page_id=140","name":"No Sidebar Content Centered - \u017daluzie \u00dast\u00ed nad Labem - Pavel Jiskra","isPartOf":{"@id":"https:\/\/new.zaluzie-usti.cz\/#website"},"datePublished":"2014-05-31T18:11:55+00:00","dateModified":"2014-05-31T18:11:55+00:00","breadcrumb":{"@id":"https:\/\/new.zaluzie-usti.cz\/?page_id=140#breadcrumb"},"inLanguage":"cs","potentialAction":[{"@type":"ReadAction","target":["https:\/\/new.zaluzie-usti.cz\/?page_id=140"]}]},{"@type":"BreadcrumbList","@id":"https:\/\/new.zaluzie-usti.cz\/?page_id=140#breadcrumb","itemListElement":[{"@type":"ListItem","position":1,"name":"Dom\u016f","item":"https:\/\/new.zaluzie-usti.cz\/"},{"@type":"ListItem","position":2,"name":"No Sidebar Content Centered"}]},{"@type":"WebSite","@id":"https:\/\/new.zaluzie-usti.cz\/#website","url":"https:\/\/new.zaluzie-usti.cz\/","name":"\u017daluzie \u00dast\u00ed nad Labem - Pavel Jiskra","description":"\u017daluzie, rolety, s\u00edt\u011b proti hmyzu","potentialAction":[{"@type":"SearchAction","target":{"@type":"EntryPoint","urlTemplate":"https:\/\/new.zaluzie-usti.cz\/?s={search_term_string}"},"query-input":"required name=search_term_string"}],"inLanguage":"cs"}]}},"_links":{"self":[{"href":"https:\/\/new.zaluzie-usti.cz\/index.php?rest_route=\/wp\/v2\/pages\/140","targetHints":{"allow":["GET"]}}],"collection":[{"href":"https:\/\/new.zaluzie-usti.cz\/index.php?rest_route=\/wp\/v2\/pages"}],"about":[{"href":"https:\/\/new.zaluzie-usti.cz\/index.php?rest_route=\/wp\/v2\/types\/page"}],"author":[{"embeddable":true,"href":"https:\/\/new.zaluzie-usti.cz\/index.php?rest_route=\/wp\/v2\/users\/1"}],"replies":[{"embeddable":true,"href":"https:\/\/new.zaluzie-usti.cz\/index.php?rest_route=%2Fwp%2Fv2%2Fcomments&post=140"}],"version-history":[{"count":0,"href":"https:\/\/new.zaluzie-usti.cz\/index.php?rest_route=\/wp\/v2\/pages\/140\/revisions"}],"wp:attachment":[{"href":"https:\/\/new.zaluzie-usti.cz\/index.php?rest_route=%2Fwp%2Fv2%2Fmedia&parent=140"}],"curies":[{"name":"wp","href":"https:\/\/api.w.org\/{rel}","templated":true}]}}