{"id":138,"date":"2014-05-31T18:11:05","date_gmt":"2014-05-31T18:11:05","guid":{"rendered":"http:\/\/demo.themegrill.com\/accelerate\/?page_id=138"},"modified":"2014-05-31T18:11:05","modified_gmt":"2014-05-31T18:11:05","slug":"no-sidebar-full-width","status":"publish","type":"page","link":"https:\/\/new.zaluzie-usti.cz\/?page_id=138","title":{"rendered":"No Sidebar Full Width"},"content":{"rendered":"<p class=\"paragraph ng-attr-widget\"><span class=\"ng-directive ng-binding\">Cotton candy gummi bears pie sweet pudding halvah donut muffin cotton candy. Pudding gummi bears halvah jelly beans tart jelly-o. Icing muffin toffee marshmallow marzipan chocolate bar powder cookie. Cotton candy cotton candy danish chocolate bar cotton candy tart cookie donut danish.<\/span><\/p>\n<p class=\"paragraph ng-attr-widget\"><span class=\"ng-directive ng-binding\">Jelly beans chocolate bar topping bonbon danish tiramisu biscuit muffin. Gummi bears macaroon pie pie souffl\u00e9. Cupcake marshmallow muffin cookie sweet roll jelly chocolate bar.<\/span><\/p>\n<p class=\"paragraph ng-attr-widget\"><span class=\"ng-directive ng-binding\">Cheesecake souffl\u00e9 biscuit chocolate applicake macaroon gummi bears chupa chups. Tootsie roll brownie gummies muffin chocolate cake applicake sweet. Cookie tootsie roll candy toffee caramels.<\/span><\/p>\n<p class=\"paragraph ng-attr-widget\"><span class=\"ng-directive ng-binding\">Ice cream cheesecake applicake sugar plum chupa chups cotton candy cotton candy pudding. Carrot cake halvah lemon drops jelly cake chocolate candy canes jelly beans sesame snaps. Wafer candy canes liquorice sweet roll brownie marshmallow muffin. Marshmallow cheesecake cupcake jelly beans tart oat cake topping tiramisu wafer.<\/span><\/p>\n<p class=\"paragraph ng-attr-widget\"><span class=\"ng-directive ng-binding\">Biscuit chupa chups dessert marshmallow wafer chocolate bar souffl\u00e9. Bear claw drag\u00e9e topping gummies oat cake toffee tiramisu. Jujubes pastry macaroon oat cake pie chupa chups apple pie applicake chocolate bar. Brownie tootsie roll macaroon toffee topping carrot cake candy powder.<\/span><\/p>\n","protected":false},"excerpt":{"rendered":"<p>Cotton candy gummi bears pie sweet pudding halvah donut muffin cotton candy. Pudding gummi bears halvah jelly beans tart jelly-o. Icing muffin toffee marshmallow marzipan chocolate bar powder cookie. Cotton candy cotton candy danish chocolate bar cotton candy tart cookie<\/p>\n","protected":false},"author":1,"featured_media":0,"parent":0,"menu_order":0,"comment_status":"closed","ping_status":"closed","template":"","meta":{"footnotes":""},"class_list":["post-138","page","type-page","status-publish","hentry"],"yoast_head":"<!-- This site is optimized with the Yoast SEO plugin v19.6.1 - https:\/\/yoast.com\/wordpress\/plugins\/seo\/ -->\n<title>No Sidebar Full Width - \u017daluzie \u00dast\u00ed nad Labem - Pavel Jiskra<\/title>\n<meta name=\"robots\" content=\"index, follow, max-snippet:-1, max-image-preview:large, max-video-preview:-1\" \/>\n<link rel=\"canonical\" href=\"https:\/\/new.zaluzie-usti.cz\/?page_id=138\" \/>\n<meta property=\"og:locale\" content=\"cs_CZ\" \/>\n<meta property=\"og:type\" content=\"article\" \/>\n<meta property=\"og:title\" content=\"No Sidebar Full Width - \u017daluzie \u00dast\u00ed nad Labem - Pavel Jiskra\" \/>\n<meta property=\"og:description\" content=\"Cotton candy gummi bears pie sweet pudding halvah donut muffin cotton candy. Pudding gummi bears halvah jelly beans tart jelly-o. Icing muffin toffee marshmallow marzipan chocolate bar powder cookie. Cotton candy cotton candy danish chocolate bar cotton candy tart cookie\" \/>\n<meta property=\"og:url\" content=\"https:\/\/new.zaluzie-usti.cz\/?page_id=138\" \/>\n<meta property=\"og:site_name\" content=\"\u017daluzie \u00dast\u00ed nad Labem - Pavel Jiskra\" \/>\n<meta name=\"twitter:card\" content=\"summary_large_image\" \/>\n<meta name=\"twitter:label1\" content=\"Odhadovan\u00e1 doba \u010dten\u00ed\" \/>\n\t<meta name=\"twitter:data1\" content=\"1 minuta\" \/>\n<script type=\"application\/ld+json\" class=\"yoast-schema-graph\">{\"@context\":\"https:\/\/schema.org\",\"@graph\":[{\"@type\":\"WebPage\",\"@id\":\"https:\/\/new.zaluzie-usti.cz\/?page_id=138\",\"url\":\"https:\/\/new.zaluzie-usti.cz\/?page_id=138\",\"name\":\"No Sidebar Full Width - \u017daluzie \u00dast\u00ed nad Labem - Pavel Jiskra\",\"isPartOf\":{\"@id\":\"https:\/\/new.zaluzie-usti.cz\/#website\"},\"datePublished\":\"2014-05-31T18:11:05+00:00\",\"dateModified\":\"2014-05-31T18:11:05+00:00\",\"breadcrumb\":{\"@id\":\"https:\/\/new.zaluzie-usti.cz\/?page_id=138#breadcrumb\"},\"inLanguage\":\"cs\",\"potentialAction\":[{\"@type\":\"ReadAction\",\"target\":[\"https:\/\/new.zaluzie-usti.cz\/?page_id=138\"]}]},{\"@type\":\"BreadcrumbList\",\"@id\":\"https:\/\/new.zaluzie-usti.cz\/?page_id=138#breadcrumb\",\"itemListElement\":[{\"@type\":\"ListItem\",\"position\":1,\"name\":\"Dom\u016f\",\"item\":\"https:\/\/new.zaluzie-usti.cz\/\"},{\"@type\":\"ListItem\",\"position\":2,\"name\":\"No Sidebar Full Width\"}]},{\"@type\":\"WebSite\",\"@id\":\"https:\/\/new.zaluzie-usti.cz\/#website\",\"url\":\"https:\/\/new.zaluzie-usti.cz\/\",\"name\":\"\u017daluzie \u00dast\u00ed nad Labem - Pavel Jiskra\",\"description\":\"\u017daluzie, rolety, s\u00edt\u011b proti hmyzu\",\"potentialAction\":[{\"@type\":\"SearchAction\",\"target\":{\"@type\":\"EntryPoint\",\"urlTemplate\":\"https:\/\/new.zaluzie-usti.cz\/?s={search_term_string}\"},\"query-input\":\"required name=search_term_string\"}],\"inLanguage\":\"cs\"}]}<\/script>\n<!-- \/ Yoast SEO plugin. -->","yoast_head_json":{"title":"No Sidebar Full Width - \u017daluzie \u00dast\u00ed nad Labem - Pavel Jiskra","robots":{"index":"index","follow":"follow","max-snippet":"max-snippet:-1","max-image-preview":"max-image-preview:large","max-video-preview":"max-video-preview:-1"},"canonical":"https:\/\/new.zaluzie-usti.cz\/?page_id=138","og_locale":"cs_CZ","og_type":"article","og_title":"No Sidebar Full Width - \u017daluzie \u00dast\u00ed nad Labem - Pavel Jiskra","og_description":"Cotton candy gummi bears pie sweet pudding halvah donut muffin cotton candy. Pudding gummi bears halvah jelly beans tart jelly-o. Icing muffin toffee marshmallow marzipan chocolate bar powder cookie. Cotton candy cotton candy danish chocolate bar cotton candy tart cookie","og_url":"https:\/\/new.zaluzie-usti.cz\/?page_id=138","og_site_name":"\u017daluzie \u00dast\u00ed nad Labem - Pavel Jiskra","twitter_card":"summary_large_image","twitter_misc":{"Odhadovan\u00e1 doba \u010dten\u00ed":"1 minuta"},"schema":{"@context":"https:\/\/schema.org","@graph":[{"@type":"WebPage","@id":"https:\/\/new.zaluzie-usti.cz\/?page_id=138","url":"https:\/\/new.zaluzie-usti.cz\/?page_id=138","name":"No Sidebar Full Width - \u017daluzie \u00dast\u00ed nad Labem - Pavel Jiskra","isPartOf":{"@id":"https:\/\/new.zaluzie-usti.cz\/#website"},"datePublished":"2014-05-31T18:11:05+00:00","dateModified":"2014-05-31T18:11:05+00:00","breadcrumb":{"@id":"https:\/\/new.zaluzie-usti.cz\/?page_id=138#breadcrumb"},"inLanguage":"cs","potentialAction":[{"@type":"ReadAction","target":["https:\/\/new.zaluzie-usti.cz\/?page_id=138"]}]},{"@type":"BreadcrumbList","@id":"https:\/\/new.zaluzie-usti.cz\/?page_id=138#breadcrumb","itemListElement":[{"@type":"ListItem","position":1,"name":"Dom\u016f","item":"https:\/\/new.zaluzie-usti.cz\/"},{"@type":"ListItem","position":2,"name":"No Sidebar Full Width"}]},{"@type":"WebSite","@id":"https:\/\/new.zaluzie-usti.cz\/#website","url":"https:\/\/new.zaluzie-usti.cz\/","name":"\u017daluzie \u00dast\u00ed nad Labem - Pavel Jiskra","description":"\u017daluzie, rolety, s\u00edt\u011b proti hmyzu","potentialAction":[{"@type":"SearchAction","target":{"@type":"EntryPoint","urlTemplate":"https:\/\/new.zaluzie-usti.cz\/?s={search_term_string}"},"query-input":"required name=search_term_string"}],"inLanguage":"cs"}]}},"_links":{"self":[{"href":"https:\/\/new.zaluzie-usti.cz\/index.php?rest_route=\/wp\/v2\/pages\/138","targetHints":{"allow":["GET"]}}],"collection":[{"href":"https:\/\/new.zaluzie-usti.cz\/index.php?rest_route=\/wp\/v2\/pages"}],"about":[{"href":"https:\/\/new.zaluzie-usti.cz\/index.php?rest_route=\/wp\/v2\/types\/page"}],"author":[{"embeddable":true,"href":"https:\/\/new.zaluzie-usti.cz\/index.php?rest_route=\/wp\/v2\/users\/1"}],"replies":[{"embeddable":true,"href":"https:\/\/new.zaluzie-usti.cz\/index.php?rest_route=%2Fwp%2Fv2%2Fcomments&post=138"}],"version-history":[{"count":0,"href":"https:\/\/new.zaluzie-usti.cz\/index.php?rest_route=\/wp\/v2\/pages\/138\/revisions"}],"wp:attachment":[{"href":"https:\/\/new.zaluzie-usti.cz\/index.php?rest_route=%2Fwp%2Fv2%2Fmedia&parent=138"}],"curies":[{"name":"wp","href":"https:\/\/api.w.org\/{rel}","templated":true}]}}