{"id":133,"date":"2014-05-31T18:08:31","date_gmt":"2014-05-31T18:08:31","guid":{"rendered":"http:\/\/demo.themegrill.com\/accelerate\/?page_id=133"},"modified":"2014-05-31T18:08:31","modified_gmt":"2014-05-31T18:08:31","slug":"right-sidebar","status":"publish","type":"page","link":"https:\/\/new.zaluzie-usti.cz\/?page_id=133","title":{"rendered":"Right Sidebar"},"content":{"rendered":"<p class=\"paragraph ng-attr-widget\"><span class=\"ng-directive ng-binding\">Liquorice wafer liquorice marzipan gingerbread halvah chocolate bar. Caramels chocolate cake danish. Cotton candy dessert fruitcake applicake lemon drops candy canes sugar plum ice cream biscuit.<\/span><\/p>\n<p class=\"paragraph ng-attr-widget\"><span class=\"ng-directive ng-binding\">Marzipan chocolate bar sweet roll croissant tootsie roll toffee biscuit marshmallow brownie. Sweet roll ice cream tootsie roll pudding jelly. Biscuit souffl\u00e9 bonbon sugar plum sweet jujubes pudding oat cake tart.<\/span><\/p>\n<p class=\"paragraph ng-attr-widget\"><span class=\"ng-directive ng-binding\">Donut jelly-o drag\u00e9e dessert biscuit tart. Pastry toffee macaroon. Oat cake sweet candy.<\/span><\/p>\n<p class=\"paragraph ng-attr-widget\"><span class=\"ng-directive ng-binding\">Muffin cake cupcake ice cream icing topping. Toffee carrot cake unerdwear.com marshmallow carrot cake muffin. Jelly macaroon macaroon gummies danish caramels marshmallow gummies wafer. Tiramisu danish tart.<\/span><\/p>\n<p class=\"paragraph ng-attr-widget\"><span class=\"ng-directive ng-binding\">Danish drag\u00e9e toffee cookie apple pie. Chocolate bar cake carrot cake sesame snaps jelly toffee sesame snaps drag\u00e9e applicake. Tootsie roll souffl\u00e9 drag\u00e9e chupa chups icing. Gingerbread chupa chups bonbon icing.<\/span><\/p>\n","protected":false},"excerpt":{"rendered":"<p>Liquorice wafer liquorice marzipan gingerbread halvah chocolate bar. Caramels chocolate cake danish. Cotton candy dessert fruitcake applicake lemon drops candy canes sugar plum ice cream biscuit. Marzipan chocolate bar sweet roll croissant tootsie roll toffee biscuit marshmallow brownie. Sweet roll<\/p>\n","protected":false},"author":1,"featured_media":0,"parent":0,"menu_order":0,"comment_status":"closed","ping_status":"closed","template":"","meta":{"footnotes":""},"class_list":["post-133","page","type-page","status-publish","hentry"],"yoast_head":"<!-- This site is optimized with the Yoast SEO plugin v19.6.1 - https:\/\/yoast.com\/wordpress\/plugins\/seo\/ -->\n<title>Right Sidebar - \u017daluzie \u00dast\u00ed nad Labem - Pavel Jiskra<\/title>\n<meta name=\"robots\" content=\"index, follow, max-snippet:-1, max-image-preview:large, max-video-preview:-1\" \/>\n<link rel=\"canonical\" href=\"https:\/\/new.zaluzie-usti.cz\/?page_id=133\" \/>\n<meta property=\"og:locale\" content=\"cs_CZ\" \/>\n<meta property=\"og:type\" content=\"article\" \/>\n<meta property=\"og:title\" content=\"Right Sidebar - \u017daluzie \u00dast\u00ed nad Labem - Pavel Jiskra\" \/>\n<meta property=\"og:description\" content=\"Liquorice wafer liquorice marzipan gingerbread halvah chocolate bar. Caramels chocolate cake danish. Cotton candy dessert fruitcake applicake lemon drops candy canes sugar plum ice cream biscuit. Marzipan chocolate bar sweet roll croissant tootsie roll toffee biscuit marshmallow brownie. Sweet roll\" \/>\n<meta property=\"og:url\" content=\"https:\/\/new.zaluzie-usti.cz\/?page_id=133\" \/>\n<meta property=\"og:site_name\" content=\"\u017daluzie \u00dast\u00ed nad Labem - Pavel Jiskra\" \/>\n<meta name=\"twitter:card\" content=\"summary_large_image\" \/>\n<meta name=\"twitter:label1\" content=\"Odhadovan\u00e1 doba \u010dten\u00ed\" \/>\n\t<meta name=\"twitter:data1\" content=\"1 minuta\" \/>\n<script type=\"application\/ld+json\" class=\"yoast-schema-graph\">{\"@context\":\"https:\/\/schema.org\",\"@graph\":[{\"@type\":\"WebPage\",\"@id\":\"https:\/\/new.zaluzie-usti.cz\/?page_id=133\",\"url\":\"https:\/\/new.zaluzie-usti.cz\/?page_id=133\",\"name\":\"Right Sidebar - \u017daluzie \u00dast\u00ed nad Labem - Pavel Jiskra\",\"isPartOf\":{\"@id\":\"https:\/\/new.zaluzie-usti.cz\/#website\"},\"datePublished\":\"2014-05-31T18:08:31+00:00\",\"dateModified\":\"2014-05-31T18:08:31+00:00\",\"breadcrumb\":{\"@id\":\"https:\/\/new.zaluzie-usti.cz\/?page_id=133#breadcrumb\"},\"inLanguage\":\"cs\",\"potentialAction\":[{\"@type\":\"ReadAction\",\"target\":[\"https:\/\/new.zaluzie-usti.cz\/?page_id=133\"]}]},{\"@type\":\"BreadcrumbList\",\"@id\":\"https:\/\/new.zaluzie-usti.cz\/?page_id=133#breadcrumb\",\"itemListElement\":[{\"@type\":\"ListItem\",\"position\":1,\"name\":\"Dom\u016f\",\"item\":\"https:\/\/new.zaluzie-usti.cz\/\"},{\"@type\":\"ListItem\",\"position\":2,\"name\":\"Right Sidebar\"}]},{\"@type\":\"WebSite\",\"@id\":\"https:\/\/new.zaluzie-usti.cz\/#website\",\"url\":\"https:\/\/new.zaluzie-usti.cz\/\",\"name\":\"\u017daluzie \u00dast\u00ed nad Labem - Pavel Jiskra\",\"description\":\"\u017daluzie, rolety, s\u00edt\u011b proti hmyzu\",\"potentialAction\":[{\"@type\":\"SearchAction\",\"target\":{\"@type\":\"EntryPoint\",\"urlTemplate\":\"https:\/\/new.zaluzie-usti.cz\/?s={search_term_string}\"},\"query-input\":\"required name=search_term_string\"}],\"inLanguage\":\"cs\"}]}<\/script>\n<!-- \/ Yoast SEO plugin. -->","yoast_head_json":{"title":"Right Sidebar - \u017daluzie \u00dast\u00ed nad Labem - Pavel Jiskra","robots":{"index":"index","follow":"follow","max-snippet":"max-snippet:-1","max-image-preview":"max-image-preview:large","max-video-preview":"max-video-preview:-1"},"canonical":"https:\/\/new.zaluzie-usti.cz\/?page_id=133","og_locale":"cs_CZ","og_type":"article","og_title":"Right Sidebar - \u017daluzie \u00dast\u00ed nad Labem - Pavel Jiskra","og_description":"Liquorice wafer liquorice marzipan gingerbread halvah chocolate bar. Caramels chocolate cake danish. Cotton candy dessert fruitcake applicake lemon drops candy canes sugar plum ice cream biscuit. Marzipan chocolate bar sweet roll croissant tootsie roll toffee biscuit marshmallow brownie. Sweet roll","og_url":"https:\/\/new.zaluzie-usti.cz\/?page_id=133","og_site_name":"\u017daluzie \u00dast\u00ed nad Labem - Pavel Jiskra","twitter_card":"summary_large_image","twitter_misc":{"Odhadovan\u00e1 doba \u010dten\u00ed":"1 minuta"},"schema":{"@context":"https:\/\/schema.org","@graph":[{"@type":"WebPage","@id":"https:\/\/new.zaluzie-usti.cz\/?page_id=133","url":"https:\/\/new.zaluzie-usti.cz\/?page_id=133","name":"Right Sidebar - \u017daluzie \u00dast\u00ed nad Labem - Pavel Jiskra","isPartOf":{"@id":"https:\/\/new.zaluzie-usti.cz\/#website"},"datePublished":"2014-05-31T18:08:31+00:00","dateModified":"2014-05-31T18:08:31+00:00","breadcrumb":{"@id":"https:\/\/new.zaluzie-usti.cz\/?page_id=133#breadcrumb"},"inLanguage":"cs","potentialAction":[{"@type":"ReadAction","target":["https:\/\/new.zaluzie-usti.cz\/?page_id=133"]}]},{"@type":"BreadcrumbList","@id":"https:\/\/new.zaluzie-usti.cz\/?page_id=133#breadcrumb","itemListElement":[{"@type":"ListItem","position":1,"name":"Dom\u016f","item":"https:\/\/new.zaluzie-usti.cz\/"},{"@type":"ListItem","position":2,"name":"Right Sidebar"}]},{"@type":"WebSite","@id":"https:\/\/new.zaluzie-usti.cz\/#website","url":"https:\/\/new.zaluzie-usti.cz\/","name":"\u017daluzie \u00dast\u00ed nad Labem - Pavel Jiskra","description":"\u017daluzie, rolety, s\u00edt\u011b proti hmyzu","potentialAction":[{"@type":"SearchAction","target":{"@type":"EntryPoint","urlTemplate":"https:\/\/new.zaluzie-usti.cz\/?s={search_term_string}"},"query-input":"required name=search_term_string"}],"inLanguage":"cs"}]}},"_links":{"self":[{"href":"https:\/\/new.zaluzie-usti.cz\/index.php?rest_route=\/wp\/v2\/pages\/133","targetHints":{"allow":["GET"]}}],"collection":[{"href":"https:\/\/new.zaluzie-usti.cz\/index.php?rest_route=\/wp\/v2\/pages"}],"about":[{"href":"https:\/\/new.zaluzie-usti.cz\/index.php?rest_route=\/wp\/v2\/types\/page"}],"author":[{"embeddable":true,"href":"https:\/\/new.zaluzie-usti.cz\/index.php?rest_route=\/wp\/v2\/users\/1"}],"replies":[{"embeddable":true,"href":"https:\/\/new.zaluzie-usti.cz\/index.php?rest_route=%2Fwp%2Fv2%2Fcomments&post=133"}],"version-history":[{"count":0,"href":"https:\/\/new.zaluzie-usti.cz\/index.php?rest_route=\/wp\/v2\/pages\/133\/revisions"}],"wp:attachment":[{"href":"https:\/\/new.zaluzie-usti.cz\/index.php?rest_route=%2Fwp%2Fv2%2Fmedia&parent=133"}],"curies":[{"name":"wp","href":"https:\/\/api.w.org\/{rel}","templated":true}]}}